{"id":7,"date":"2024-08-23T15:53:26","date_gmt":"2024-08-23T13:53:26","guid":{"rendered":"https:\/\/art.christelleottaviano.fr\/?page_id=7"},"modified":"2026-03-20T09:49:42","modified_gmt":"2026-03-20T08:49:42","slug":"contact","status":"publish","type":"page","link":"https:\/\/art.christelleottaviano.fr\/index.php\/contact\/","title":{"rendered":"Contacts"},"content":{"rendered":"\n<h2 class=\"wp-block-heading\">De la Spiritualit\u00e9 dans l&rsquo;art !<\/h2>\n\n\n\n<div class=\"wp-block-columns is-layout-flex wp-container-core-columns-is-layout-9d6595d7 wp-block-columns-is-layout-flex\">\n<div class=\"wp-block-column is-layout-flow wp-block-column-is-layout-flow\">\n<div class=\"wp-block-group\"><div class=\"wp-block-group__inner-container is-layout-constrained wp-block-group-is-layout-constrained\">\n<p><strong>Mail :<\/strong> <a href=\"mailto:art@christelleottaviano.fr\"><strong>art@christelleottaviano.fr<\/strong><\/a><\/p>\n\n\n\n<p><strong>Tel : 06 13 83 11 12<\/strong><\/p>\n\n\n\n<p><strong>Dictionnaire Larousse de Cotations des Artistes<br><a href=\"https:\/\/ottaviano.artistes-cotes.com\" target=\"_blank\" rel=\"noopener\">Artiste Peintre Cot\u00e9e Chez DROUOT<\/a><\/strong><\/p>\n\n\n\n<p><strong>Page Facebook :<\/strong> <a href=\"https:\/\/www.facebook.com\/pages\/Christelle-Ottaviano-Peintre\/370097836489164?ref=hl\" target=\"_blank\" rel=\"noopener\"><strong>Art Voyages et Spiritualit\u00e9<\/strong><\/a><\/p>\n\n\n\n<p><strong>Page Instagram :<\/strong> <a href=\"http:\/\/instagram.com\/medium.artiste.bordeaux\" data-type=\"link\" data-id=\"instagram.com\/medium.artiste.bordeaux\" target=\"_blank\" rel=\"noopener\"><strong>De la Spiritualit\u00e9 dans l&rsquo;art<\/strong><\/a><\/p>\n\n\n\n<p><strong>Ma cha\u00eene Youtube : <\/strong><a href=\"http:\/\/www.youtube.com\/@christelleottaviano1886\" data-type=\"link\" data-id=\"https:\/\/youtube.com@christelleottaviano1886\" target=\"_blank\" rel=\"noopener\"><strong>Quand le corps et l&rsquo;esprit s&rsquo;unissent<\/strong><\/a><\/p>\n\n\n\n<h2 class=\"wp-block-heading\"><strong><a href=\"https:\/\/art.christelleottaviano.fr\/\" data-type=\"page\" data-id=\"49\">L&rsquo;Art de l&rsquo;\u00catre !<\/a><\/strong><\/h2>\n\n\n\n<p><\/p>\n<\/div><\/div>\n<\/div>\n\n\n\n<div class=\"wp-block-column is-layout-flow wp-block-column-is-layout-flow\">\n<figure class=\"wp-block-image size-full\"><img loading=\"lazy\" decoding=\"async\" width=\"480\" height=\"720\" src=\"http:\/\/art.christelleottaviano.fr\/wp-content\/uploads\/2024\/08\/12132361_1048064611891591_3912613350113529542_o.jpg\" alt=\"\" class=\"wp-image-625\" srcset=\"https:\/\/art.christelleottaviano.fr\/wp-content\/uploads\/2024\/08\/12132361_1048064611891591_3912613350113529542_o.jpg 480w, https:\/\/art.christelleottaviano.fr\/wp-content\/uploads\/2024\/08\/12132361_1048064611891591_3912613350113529542_o-200x300.jpg 200w\" sizes=\"auto, (max-width: 480px) 100vw, 480px\" \/><\/figure>\n<\/div>\n<\/div>\n","protected":false},"excerpt":{"rendered":"<p>De la Spiritualit\u00e9 dans l&rsquo;art ! Mail : art@christelleottaviano.fr Tel : 06 13 83 11 12 Dictionnaire Larousse de Cotations des ArtistesArtiste Peintre Cot\u00e9e Chez DROUOT Page Facebook : Art Voyages et Spiritualit\u00e9 Page Instagram : De la Spiritualit\u00e9 dans l&rsquo;art Ma cha\u00eene Youtube : Quand le corps et l&rsquo;esprit s&rsquo;unissent L&rsquo;Art de l&rsquo;\u00catre !<\/p>\n","protected":false},"author":1,"featured_media":0,"parent":0,"menu_order":0,"comment_status":"closed","ping_status":"closed","template":"","meta":{"_glsr_average":0,"_glsr_ranking":0,"_glsr_reviews":0,"footnotes":""},"class_list":["post-7","page","type-page","status-publish","hentry"],"_links":{"self":[{"href":"https:\/\/art.christelleottaviano.fr\/index.php\/wp-json\/wp\/v2\/pages\/7","targetHints":{"allow":["GET"]}}],"collection":[{"href":"https:\/\/art.christelleottaviano.fr\/index.php\/wp-json\/wp\/v2\/pages"}],"about":[{"href":"https:\/\/art.christelleottaviano.fr\/index.php\/wp-json\/wp\/v2\/types\/page"}],"author":[{"embeddable":true,"href":"https:\/\/art.christelleottaviano.fr\/index.php\/wp-json\/wp\/v2\/users\/1"}],"replies":[{"embeddable":true,"href":"https:\/\/art.christelleottaviano.fr\/index.php\/wp-json\/wp\/v2\/comments?post=7"}],"version-history":[{"count":47,"href":"https:\/\/art.christelleottaviano.fr\/index.php\/wp-json\/wp\/v2\/pages\/7\/revisions"}],"predecessor-version":[{"id":1517,"href":"https:\/\/art.christelleottaviano.fr\/index.php\/wp-json\/wp\/v2\/pages\/7\/revisions\/1517"}],"wp:attachment":[{"href":"https:\/\/art.christelleottaviano.fr\/index.php\/wp-json\/wp\/v2\/media?parent=7"}],"curies":[{"name":"wp","href":"https:\/\/api.w.org\/{rel}","templated":true}]}}