{"id":49,"date":"2024-08-23T22:01:50","date_gmt":"2024-08-23T20:01:50","guid":{"rendered":"https:\/\/art.christelleottaviano.fr\/?page_id=49"},"modified":"2026-03-13T18:52:51","modified_gmt":"2026-03-13T17:52:51","slug":"accueil","status":"publish","type":"page","link":"https:\/\/art.christelleottaviano.fr\/","title":{"rendered":"Christelle OTTAVIANO Artiste Peintre Internationale"},"content":{"rendered":"\n<div class=\"wp-block-columns is-layout-flex wp-container-core-columns-is-layout-9d6595d7 wp-block-columns-is-layout-flex\">\n<div class=\"wp-block-column is-layout-flow wp-block-column-is-layout-flow\" style=\"flex-basis:66.66%\">\n<div class=\"wp-block-group is-vertical is-layout-flex wp-container-core-group-is-layout-b7faace9 wp-block-group-is-layout-flex\">\n<p><\/p>\n\n\n\n<p><\/p>\n\n\n\n<h2 class=\"wp-block-heading\">Cot\u00e9e chez DROUOT depuis 2006<\/h2>\n\n\n\n<p><\/p>\n\n\n\n<blockquote class=\"wp-block-quote is-layout-flow wp-block-quote-is-layout-flow\">\n<p>Ma devise est de vivre l\u2019Instant Pr\u00e9sent<br>dans ma Peinture comme dans ma Vie !<\/p>\n\n\n\n<p>La peinture est l&rsquo;\u00e9criture de l&rsquo;\u00e2me.<\/p>\n<\/blockquote>\n\n\n\n<p><\/p>\n\n\n\n<p><strong>Galerie DROUOT :<\/strong> <strong>\u00a0<a href=\"http:\/\/ottaviano.artistes-cotes.com\/\" target=\"_blank\" rel=\"noopener\">Cotation Drouot<\/a><\/strong><\/p>\n\n\n\n<p><strong>Page Facebook :<\/strong> <a href=\"https:\/\/www.facebook.com\/pages\/Christelle-Ottaviano-Peintre\/370097836489164?ref=hl\" target=\"_blank\" rel=\"noopener\"><strong>Art Voyages Spiritualit\u00e9<\/strong><\/a><\/p>\n\n\n\n<p><strong>Page Instagram :<\/strong> <a href=\"https:\/\/www.instagram.com\/medium.artiste.bordeaux\" data-type=\"link\" data-id=\"https:\/\/www.instagram.com\/medium.artiste.bordeaux\" target=\"_blank\" rel=\"noopener\"><strong>De la Spiritualit\u00e9 dans l&rsquo;Art<\/strong><\/a><\/p>\n<\/div>\n<\/div>\n\n\n\n<div class=\"wp-block-column is-layout-flow wp-block-column-is-layout-flow\" style=\"flex-basis:33.33%\">\n<div class=\"wp-block-group is-vertical is-layout-flex wp-container-core-group-is-layout-8cf370e7 wp-block-group-is-layout-flex\">\n<figure class=\"wp-block-image size-full is-resized\"><img loading=\"lazy\" decoding=\"async\" width=\"360\" height=\"576\" src=\"https:\/\/art.christelleottaviano.fr\/wp-content\/uploads\/2024\/08\/pour20prc3a9sentation20site3.jpg\" alt=\"\" class=\"wp-image-657\" style=\"width:402px;height:auto\" srcset=\"https:\/\/art.christelleottaviano.fr\/wp-content\/uploads\/2024\/08\/pour20prc3a9sentation20site3.jpg 360w, https:\/\/art.christelleottaviano.fr\/wp-content\/uploads\/2024\/08\/pour20prc3a9sentation20site3-188x300.jpg 188w\" sizes=\"auto, (max-width: 360px) 100vw, 360px\" \/><\/figure>\n<\/div>\n\n\n\n<blockquote class=\"wp-block-quote is-layout-flow wp-block-quote-is-layout-flow\">\n<p><\/p>\n<\/blockquote>\n<\/div>\n<\/div>\n\n\n\n<p><\/p>\n","protected":false},"excerpt":{"rendered":"<p>Cot\u00e9e chez DROUOT depuis 2006 Ma devise est de vivre l\u2019Instant Pr\u00e9sentdans ma Peinture comme dans ma Vie ! La peinture est l&rsquo;\u00e9criture de l&rsquo;\u00e2me. Galerie DROUOT : \u00a0Cotation Drouot Page Facebook : Art Voyages Spiritualit\u00e9 Page Instagram : De la Spiritualit\u00e9 dans l&rsquo;Art<\/p>\n","protected":false},"author":1,"featured_media":0,"parent":0,"menu_order":0,"comment_status":"closed","ping_status":"closed","template":"","meta":{"_glsr_average":0,"_glsr_ranking":0,"_glsr_reviews":0,"footnotes":""},"class_list":["post-49","page","type-page","status-publish","hentry"],"_links":{"self":[{"href":"https:\/\/art.christelleottaviano.fr\/index.php\/wp-json\/wp\/v2\/pages\/49","targetHints":{"allow":["GET"]}}],"collection":[{"href":"https:\/\/art.christelleottaviano.fr\/index.php\/wp-json\/wp\/v2\/pages"}],"about":[{"href":"https:\/\/art.christelleottaviano.fr\/index.php\/wp-json\/wp\/v2\/types\/page"}],"author":[{"embeddable":true,"href":"https:\/\/art.christelleottaviano.fr\/index.php\/wp-json\/wp\/v2\/users\/1"}],"replies":[{"embeddable":true,"href":"https:\/\/art.christelleottaviano.fr\/index.php\/wp-json\/wp\/v2\/comments?post=49"}],"version-history":[{"count":53,"href":"https:\/\/art.christelleottaviano.fr\/index.php\/wp-json\/wp\/v2\/pages\/49\/revisions"}],"predecessor-version":[{"id":1483,"href":"https:\/\/art.christelleottaviano.fr\/index.php\/wp-json\/wp\/v2\/pages\/49\/revisions\/1483"}],"wp:attachment":[{"href":"https:\/\/art.christelleottaviano.fr\/index.php\/wp-json\/wp\/v2\/media?parent=49"}],"curies":[{"name":"wp","href":"https:\/\/api.w.org\/{rel}","templated":true}]}}