{"id":44,"date":"2024-08-23T21:49:20","date_gmt":"2024-08-23T19:49:20","guid":{"rendered":"https:\/\/art.christelleottaviano.fr\/?page_id=44"},"modified":"2024-08-31T09:30:13","modified_gmt":"2024-08-31T07:30:13","slug":"presentation","status":"publish","type":"page","link":"https:\/\/art.christelleottaviano.fr\/index.php\/presentation\/","title":{"rendered":"Artiste"},"content":{"rendered":"\n<p><strong>Christelle Ottaviano : portrait d\u2019une artiste peintre incontournable<\/strong><br>Par la journaliste Aude Le Calv\u00e9<\/p>\n\n\n\n<p>N\u00e9e un 04 Juillet en Allemagne<br>Je cultive l\u2019Ind\u00e9pendance<br>Mes origines de sang sont italiennes et siciliennes<br>L\u2019Allemagne reste ch\u00e8re \u00e0 mon Coeur<br>Je vis actuellement \u00e0 Bordeaux en FRANCE<\/p>\n\n\n\n<p><strong>Sa renomm\u00e9e d\u00e9passe nos fronti\u00e8res.<\/strong><br><br>R\u00e9f\u00e9renc\u00e9e dans les Guides de Cotation des artistes, membre du Who\u2019s Who Art Club International, prim\u00e9e et m\u00e9daill\u00e9e \u00e0 de nombreuses reprises, Christelle Ottaviano partage n\u00e9anmoins le secret de ses cr\u00e9ations, avec beaucoup de simplicit\u00e9 et de sinc\u00e9rit\u00e9\u2026<br><br><strong>Ses toiles r\u00e9v\u00e8lent une incroyable puissance. Quasi-inexplicable\u2026<\/strong><br><br>Ses portraits incarnent toute la spiritualit\u00e9 des cultures et des traditions venues d\u2019ailleurs. Discrets, presque silencieux, ils s\u2019illuminent sous l\u2019effet de clairs-obscurs. Souriants et chaleureux \u00e0 la fois, ils d\u00e9voilent des attitudes et des visages d\u2019Am\u00e9rindiens, d\u2019Africains, d\u2019Asiatiques\u2026 Christelle Ottaviano aime peindre les Hommes et leurs expressions les plus profondes. Artiste peintre accomplie, elle parvient \u00e0 ramener toute la force et l\u2019intensit\u00e9 de ses \u0153uvres dans les regards. Bienvenue au c\u0153ur des Etres. Comme une invitation \u00e0 un voyage int\u00e9rieur, serein et agr\u00e9able\u2026<br><br><strong>Ses tableaux portent des noms tr\u00e8s \u00e9vocateurs :<\/strong><br><br>Touareg, Amazone, Beaut\u00e9 Bont\u00e9, Amour S\u00e9r\u00e9nit\u00e9, Nouvel Etre, Douceur ang\u00e9lique, Ceux du Ciel, Le Sage, Qui\u00e9tude, Reflet de l\u2019Ame, Une Femme libre, La Terre nourrici\u00e8re, Le Chemin de vie, Le P\u00e8lerin de la Paix \u2026 Rassembl\u00e9es autour de collections intitul\u00e9es <a href=\"https:\/\/art.christelleottaviano.fr\/index.php\/peintures\/peuples\/\" data-type=\"page\" data-id=\"329\">\u00ab Portraits des Peuples \u00bb <\/a>et <a href=\"https:\/\/art.christelleottaviano.fr\/index.php\/peintures\/regard\/\" data-type=\"page\" data-id=\"287\">\u00ab Regards du Monde \u00bb<\/a>, ces huiles lui conf\u00e8rent la quintessence de son art. Christelle Ottaviano livre son interpr\u00e9tation <a href=\"https:\/\/art.christelleottaviano.fr\/index.php\/peintures\/guerrier-2\/\" data-type=\"page\" data-id=\"38\">des peuples<\/a> et des <a href=\"https:\/\/art.christelleottaviano.fr\/index.php\/peintures\/regard\/\" data-type=\"page\" data-id=\"287\">Grands \u00e9veill\u00e9s<\/a> (Le Christ, Gandhi, Sri Aurobindo, etc.) en toute simplicit\u00e9. D\u2019o\u00f9 vient cette permanente sensation de bienveillance et d\u2019apaisement ? \u00ab Lors de ma s\u00e9lection, \u00e0 partir de photographies r\u00e9colt\u00e9es ou prises lors de mes voyages, le visage d\u2019un enfant ou d\u2019un individu m\u2019interpelle. Le sujet \u00e0 repr\u00e9senter s\u2019impose \u00e0 moi \u00ab\u00a0par hasard\u00a0\u00bb, quand il \u00e9change de mani\u00e8re br\u00e8ve, avec un regard ou un sourire. Je le peints alors sur une courte dur\u00e9e, pour garder mon \u00e9tat d\u2019esprit et mes ressentis du moment \u00bb, explique la peintre bordelaise, qui garde en m\u00e9moire l\u2019environnement culturel de cet \u00eatre.<br><br><strong>La densit\u00e9 de la toile : l\u2019empreinte de l\u2019artiste.<\/strong><br><br>Les yeux ferm\u00e9s, ouverts\u2026 En silence ou sur fond musical\u2026 Debout, assise, devant sa toile blanche\u2026 L\u2019artiste proc\u00e8de \u00e0 \u00ab un r\u00e9\u00e9quilibrage jusqu\u2019\u00e0 tout rassembler \u00bb. Elle r\u00e9alise \u00e0 un recadrage, qui se traduit le plus souvent par un format carr\u00e9. Les dimensions oscillent entre 40 cm \u00e0 100 cm de c\u00f4t\u00e9. Mais, la plupart du temps, les grands formats sont privil\u00e9gi\u00e9s, car ils apportent une forte densit\u00e9 au tableau. C\u2019est \u00ab son empreinte \u00bb ! Les visages doux orient\u00e9s de \u00be ou de face soulignent les chemins de vie de ses mod\u00e8les\u2026 Les portraits, r\u00e9alis\u00e9s par s\u00e9ries de deux ou de cinq, donnent ainsi plus d\u2019\u00e9cho&#8230; Pour Christelle Ottaviano, \u00ab m\u00eame s\u2019ils ne sont pas vivants \u00bb, il se passe quelque chose en elle : \u00ab Chaque nouveau visage, quand il appara\u00eet, nourrit mon processus int\u00e9rieur, au d\u00e9but, pendant et \u00e0 la fin. \u00bb Chacun d\u2019eux prend vie, sous les \u00e9clairages et les contrastes, tel un photographe jouant avec les clairs-obscurs. Sur des bases ocre jaune et rouge, terre de sienne et terre br\u00fbl\u00e9e, d\u00e9clin\u00e9es autour des couleurs de peau, l\u2019artiste peintre r\u00e9alise des fondus appos\u00e9s sur un fond noir : \u00ab Je travaille d\u2019abord les clairs et les sombres ensuite, sur les m\u00eames principes qu\u2019un maquillage de qualit\u00e9 \u00bb, estime-t-elle.<br><br><strong>Donner une Ame par le regard.<\/strong><br><br>Toute la force de ses portraits r\u00e9side dans l\u2019intensit\u00e9 des regards : \u00ab C\u2019est l\u2019objet premier de toutes mes attentions, et c\u2019est \u00e0 partir d\u2019eux que d\u00e9coule le reste. Je donne une Ame \u00e0 ces visages, qui font vivre ou revivre l\u2019\u00e9nergie de leurs peuples \u00bb, pr\u00e9cise l\u2019artiste. Chose \u00e9tonnante, les visages sont fig\u00e9s mais leurs yeux suivent le spectateur, quelque soit l\u2019angle de vue. Elle ajoute : \u00ab J\u2019attire l\u2019oeil et le c\u0153ur de chacun. La beaut\u00e9 d\u2019un tableau n\u2019est pas un but ultime. Sa finalit\u00e9, c\u2019est ce qu\u2019il bouge, \u00e9veille ou r\u00e9veille en nous. C\u2019est l\u00e0 tout le sens de mon travail. \u00bb<br><br><strong>Rassurants, les visages qu\u2019elle sublime d\u00e9livrent un message, le sien : \u00ab Mon art est le reflet de l\u2019Etre.<\/strong><br><br>Saisir l\u2019instant, vivre le moment pr\u00e9sent est ma devise, dans ma peinture comme dans ma vie, confie l\u2019artiste peintre. Par leur interm\u00e9diaire, je me repr\u00e9sente. Je livre une part de moi et suis une part de tous ces individus, que j\u2019explore par ailleurs \u00e0 travers la danse ou mes lectures. \u00bb Quand elle \u00e9tait petite, les enfants du quartier issus de tous horizons venaient chez elle. Au contact des diff\u00e9rentes cultures, elle a commenc\u00e9 par peindre l\u2019Afrique&#8230; Aujourd\u2019hui, sa peinture est \u00ab une fa\u00e7on de rassembler et de r\u00e9unir tous ces Peuples \u00bb.<br><br><strong>Trois questions\u2026<\/strong><br><br><strong>Vous r\u00e9alisez aussi des abstraits\u2026<\/strong><br><br>En parall\u00e8le, et de fa\u00e7on compl\u00e9mentaire aux portraits, je travaille les techniques mixtes. Ce sont des acryliques combin\u00e9es avec mati\u00e8res min\u00e9rales et v\u00e9g\u00e9tales, comme les pierres, les pigments, le bois, le papier de soie et l\u2019\u00e9corce.<br><br><strong>Quelle est votre d\u00e9marche ?<\/strong><br><br>Par exemple, les toiles de la s\u00e9rie <a href=\"https:\/\/art.christelleottaviano.fr\/index.php\/peintures\/abstraits\/\" data-type=\"page\" data-id=\"331\">\u00ab L\u2019\u00e9veil de la nature \u00bb<\/a> intitul\u00e9es \u00ab Printemps sauvage \u00bb, \u00ab Vert d\u2019Automne sur lit de Bois \u00bb, \u00ab Pierre multicolore \u00bb, etc. sont inspir\u00e9es de l\u2019expression m\u00eame de la nature. Je m\u2019en suis impr\u00e9gn\u00e9e pour gagner en fluidit\u00e9, en unit\u00e9 ou en densit\u00e9, \u00e0 la mani\u00e8re d\u2019une <a href=\"https:\/\/art.christelleottaviano.fr\/index.php\/nouvelles\/\" data-type=\"page\" data-id=\"353\">m\u00e9ditation<\/a> ou de sports traditionnels, tels que le tai-chi-chuan ou le chi gong.<br><br><strong>Comment cela se traduit-il sur la toile ?<\/strong><br><br>C\u2019est une qu\u00eate. Elle englobe le perfectionnement de ma technique, une profondeur dans mes rendus et <a href=\"https:\/\/art.christelleottaviano.fr\/index.php\/peintures\/aquarelles\/\" data-type=\"page\" data-id=\"311\">la lib\u00e9ration du trait<\/a>, dans l\u2019\u00e9lan et le mouvement \u00e0 la mani\u00e8re d\u2019un calligraphe, essentielle pour cr\u00e9er une harmonie entre le corps et l\u2019esprit. L<a href=\"https:\/\/art.christelleottaviano.fr\/index.php\/peintures\/aquarelles\/\" data-type=\"page\" data-id=\"311\">e l\u00e2cher-prise dans ma gestuelle et dans mes \u00e9motions<\/a>, c\u2019est le but ultime de toutes mes peintures\u2026<br><br><strong>Un talent fran\u00e7ais qui s\u2019exporte \u00e0 l\u2019international<\/strong><br><br>Christelle Ottaviano expose depuis plus de dix ans en France. Ses tableaux se retrouvent in\u00e9vitablement dans le berceau des Arts, Paris, \u00e0 l\u2019occasion de <a href=\"https:\/\/art.christelleottaviano.fr\/index.php\/expos\/\" data-type=\"page\" data-id=\"376\">grandes expositions<\/a> ou dans des galeries (Thuillier, place des Vosges, Carrousel du Louvre). Ses peintures traversent diverses r\u00e9gions : le Sud-Ouest o\u00f9 elle vit (Bordeaux et la Gironde), les Pays de la Loire, l\u2019Alsace (Basse Ham), proche de son pays de naissance, ou encore le Sud-Est de la France (Aubagne, Nice, Hy\u00e8res) dont les couleurs chaudes rappellent ses origines familiales.<br>Ses \u0153uvres voyagent au-del\u00e0 de l\u2019Hexagone : en Allemagne, au Japon, au Mexique ou encore dans la principaut\u00e9 de Monaco. Parmi les rendez-vous marquants\u2026<br>Allemagne : 1er Salon International d\u2019Arts au pays des Trois fronti\u00e8res \u00e0 Perl (2014) ; Exposition au 12e Salon International \u00ab Artistes des Trois fronti\u00e8res \u00bb \u00e0 Losheim Am See (2009);<br>Etats-Unis : Exposition d\u2019Echange culturel international \u00ab Paris-Tucson \u00bb, au Student Union Gallery d\u2019Arizona (2009) ;<br>France : Exposition \u00ab La Nature dans tous ses Arts \u00bb pour la comm\u00e9moration du bicentenaire de l\u2019Ind\u00e9pendance : Argentine, Mexique, Colombie et Chili.<br>Au Ch\u00e2teau Jos\u00e9phine, la Petite Malmaison \u00e0 Rueil-Malmaison 92 (2010) ;<br>Japon : Exposition internationale Echange culturel (oct. 2015), Salon d\u2019Arts plastiques de Hyogo, au Mus\u00e9e Hyogo \u00e0 Kob\u00e9 (2014),<br>\u00ab Fine Art Prize \u00bb lors de l\u2019Exposition internationale au Mus\u00e9e de Kob\u00e9 (2011) ; \u00ab Mention of Jury Prize \u00bb lors de l\u2019Exposition internationale \u00e0 Kob\u00e9 (2009) ;<br>Mexique : Echange culturel international \u00e0 La Paz, Loreto, Los Cabos (2013) ; Echange culturel international \u00ab Passerelle France-Mexique \u00bb \u00e0 San Carlos (2011) ;<br>Monaco : Prix d\u2019Honneur au 1er Salon International en Principaut\u00e9 de Monaco, \u00e0 la Maison de France \u00e0 Monte-Carlo (2011).<br><br><strong>Sa cotation et ses distinctions<\/strong><br><br>Christelle Ottaviano est r\u00e9f\u00e9renc\u00e9e dans le \u00ab Dictionnaire des Artistes c\u00f4t\u00e9s \u00bb chez Drouot (depuis 2006) et dans le \u00ab Guid\u2019Arts Cotation des Artistes \u00bb, disponible dans toutes les librairies. Elle est membre du \u00ab Who\u2019s Who Art Club International \u00bb. En 2009, elle a re\u00e7u la m\u00e9daille d\u2019argent du M\u00e9rite et du D\u00e9vouement fran\u00e7ais, au S\u00e9nat \u00e0 Paris : une r\u00e9compense destin\u00e9e aux citoyens fran\u00e7ais et \u00e9trangers, dont les activit\u00e9s contribuent au prestige de la France, aussi bien sur le plan Culturel que dans le domaine des Arts, des Lettres, des Sciences ou du Sport.<br><br><strong>Parmi les <a href=\"https:\/\/art.christelleottaviano.fr\/index.php\/expos\/\" data-type=\"page\" data-id=\"376\">prix obtenus<\/a>\u2026<\/strong><br><br>2013 : m\u00e9daille de bronze des Arts et Lettres de France (Espace Saint-R\u00e9mi\/Bordeaux), m\u00e9daille d\u2019argent au 4e Chemin des arts internationaux et culturels (Toutry) ;<br>2011 : 1er Prix au 34e Salon de peinture et de sculpture des arm\u00e9es du Sud-Ouest (ch\u00e2teau de Salles) ;<br>2010 : prix d\u2019Honneur du Jury au 22e Aigle de Nice international (Parc Phoenix\/Promenade des Anglais) ;<br>2009 : m\u00e9daille de bronze \u00e0 Arts Sciences Lettres (Paris 16e) ; m\u00e9daille de bronze au Concours international des Lettres de l\u2019Acad\u00e9mie de Lut\u00e8ce (Paris) ;<br>2008 : 3e Prix de la Ville au 12e Salon international d\u2019arts plastiques (Basse Ham) ; m\u00e9daille d\u2019argent au 38e Concours international de Lut\u00e8ce (Acad\u00e9mie internationale de Lut\u00e8ce\/Paris).<br><\/p>\n","protected":false},"excerpt":{"rendered":"<p>Christelle Ottaviano : portrait d\u2019une artiste peintre incontournablePar la journaliste Aude Le Calv\u00e9 N\u00e9e un 04 Juillet en AllemagneJe cultive l\u2019Ind\u00e9pendanceMes origines de sang sont italiennes et siciliennesL\u2019Allemagne reste ch\u00e8re \u00e0 mon CoeurJe vis actuellement \u00e0 Bordeaux en FRANCE Sa renomm\u00e9e d\u00e9passe nos fronti\u00e8res. R\u00e9f\u00e9renc\u00e9e dans les Guides de Cotation des artistes, membre du Who\u2019s Who Art Club International, prim\u00e9e et m\u00e9daill\u00e9e \u00e0 de nombreuses reprises, Christelle Ottaviano partage n\u00e9anmoins le secret de ses cr\u00e9ations, avec beaucoup de simplicit\u00e9 et de sinc\u00e9rit\u00e9\u2026 Ses toiles r\u00e9v\u00e8lent une incroyable puissance. Quasi-inexplicable\u2026 Ses portraits incarnent toute la spiritualit\u00e9 des cultures et des traditions venues d\u2019ailleurs. Discrets, presque silencieux, ils s\u2019illuminent sous l\u2019effet de clairs-obscurs. Souriants et chaleureux \u00e0 la fois, ils d\u00e9voilent des attitudes et des visages d\u2019Am\u00e9rindiens, d\u2019Africains, d\u2019Asiatiques\u2026 Christelle Ottaviano aime peindre les Hommes et leurs expressions les plus profondes. Artiste peintre accomplie, elle parvient \u00e0 ramener toute la force et l\u2019intensit\u00e9 de ses \u0153uvres dans les regards. Bienvenue au c\u0153ur des Etres. Comme une invitation \u00e0 un voyage int\u00e9rieur, serein et agr\u00e9able\u2026 Ses tableaux portent des noms tr\u00e8s \u00e9vocateurs : Touareg, Amazone, Beaut\u00e9 Bont\u00e9, Amour S\u00e9r\u00e9nit\u00e9, Nouvel Etre, Douceur ang\u00e9lique, Ceux du Ciel, Le Sage, Qui\u00e9tude, Reflet de l\u2019Ame, Une Femme libre, La Terre nourrici\u00e8re, Le Chemin de vie, Le P\u00e8lerin de la Paix \u2026 Rassembl\u00e9es autour de collections intitul\u00e9es \u00ab Portraits des Peuples \u00bb et \u00ab Regards du Monde \u00bb, ces huiles lui conf\u00e8rent la quintessence de son art. Christelle Ottaviano livre son interpr\u00e9tation des peuples et des Grands \u00e9veill\u00e9s (Le Christ, Gandhi, Sri Aurobindo, etc.) en toute simplicit\u00e9. D\u2019o\u00f9 vient cette permanente sensation de bienveillance et d\u2019apaisement ? \u00ab Lors de ma s\u00e9lection, \u00e0 partir de photographies r\u00e9colt\u00e9es ou prises lors de mes voyages, le visage d\u2019un enfant ou d\u2019un individu m\u2019interpelle. Le sujet \u00e0 repr\u00e9senter s\u2019impose \u00e0 moi \u00ab\u00a0par hasard\u00a0\u00bb, quand il \u00e9change de mani\u00e8re br\u00e8ve, avec un regard ou un sourire. Je le peints alors sur une courte dur\u00e9e, pour garder mon \u00e9tat d\u2019esprit et mes ressentis du moment \u00bb, explique la peintre bordelaise, qui garde en m\u00e9moire l\u2019environnement culturel de cet \u00eatre. La densit\u00e9 de la toile : l\u2019empreinte de l\u2019artiste. Les yeux ferm\u00e9s, ouverts\u2026 En silence ou sur fond musical\u2026 Debout, assise, devant sa toile blanche\u2026 L\u2019artiste proc\u00e8de \u00e0 \u00ab un r\u00e9\u00e9quilibrage jusqu\u2019\u00e0 tout rassembler \u00bb. Elle r\u00e9alise \u00e0 un recadrage, qui se traduit le plus souvent par un format carr\u00e9. Les dimensions oscillent entre 40 cm \u00e0 100 cm de c\u00f4t\u00e9. Mais, la plupart du temps, les grands formats sont privil\u00e9gi\u00e9s, car ils apportent une forte densit\u00e9 au tableau. C\u2019est \u00ab son empreinte \u00bb ! Les visages doux orient\u00e9s de \u00be ou de face soulignent les chemins de vie de ses mod\u00e8les\u2026 Les portraits, r\u00e9alis\u00e9s par s\u00e9ries de deux ou de cinq, donnent ainsi plus d\u2019\u00e9cho&#8230; Pour Christelle Ottaviano, \u00ab m\u00eame s\u2019ils ne sont pas vivants \u00bb, il se passe quelque chose en elle : \u00ab Chaque nouveau visage, quand il appara\u00eet, nourrit mon processus int\u00e9rieur, au d\u00e9but, pendant et \u00e0 la fin. \u00bb Chacun d\u2019eux prend vie, sous les \u00e9clairages et les contrastes, tel un photographe jouant avec les clairs-obscurs. Sur des bases ocre jaune et rouge, terre de sienne et terre br\u00fbl\u00e9e, d\u00e9clin\u00e9es autour des couleurs de peau, l\u2019artiste peintre r\u00e9alise des fondus appos\u00e9s sur un fond noir : \u00ab Je travaille d\u2019abord les clairs et les sombres ensuite, sur les m\u00eames principes qu\u2019un maquillage de qualit\u00e9 \u00bb, estime-t-elle. Donner une Ame par le regard. Toute la force de ses portraits r\u00e9side dans l\u2019intensit\u00e9 des regards : \u00ab C\u2019est l\u2019objet premier de toutes mes attentions, et c\u2019est \u00e0 partir d\u2019eux que d\u00e9coule le reste. Je donne une Ame \u00e0 ces visages, qui font vivre ou revivre l\u2019\u00e9nergie de leurs peuples \u00bb, pr\u00e9cise l\u2019artiste. Chose \u00e9tonnante, les visages sont fig\u00e9s mais leurs yeux suivent le spectateur, quelque soit l\u2019angle de vue. Elle ajoute : \u00ab J\u2019attire l\u2019oeil et le c\u0153ur de chacun. La beaut\u00e9 d\u2019un tableau n\u2019est pas un but ultime. Sa finalit\u00e9, c\u2019est ce qu\u2019il bouge, \u00e9veille ou r\u00e9veille en nous. C\u2019est l\u00e0 tout le sens de mon travail. \u00bb Rassurants, les visages qu\u2019elle sublime d\u00e9livrent un message, le sien : \u00ab Mon art est le reflet de l\u2019Etre. Saisir l\u2019instant, vivre le moment pr\u00e9sent est ma devise, dans ma peinture comme dans ma vie, confie l\u2019artiste peintre. Par leur interm\u00e9diaire, je me repr\u00e9sente. Je livre une part de moi et suis une part de tous ces individus, que j\u2019explore par ailleurs \u00e0 travers la danse ou mes lectures. \u00bb Quand elle \u00e9tait petite, les enfants du quartier issus de tous horizons venaient chez elle. Au contact des diff\u00e9rentes cultures, elle a commenc\u00e9 par peindre l\u2019Afrique&#8230; Aujourd\u2019hui, sa peinture est \u00ab une fa\u00e7on de rassembler et de r\u00e9unir tous ces Peuples \u00bb. Trois questions\u2026 Vous r\u00e9alisez aussi des abstraits\u2026 En parall\u00e8le, et de fa\u00e7on compl\u00e9mentaire aux portraits, je travaille les techniques mixtes. Ce sont des acryliques combin\u00e9es avec mati\u00e8res min\u00e9rales et v\u00e9g\u00e9tales, comme les pierres, les pigments, le bois, le papier de soie et l\u2019\u00e9corce. Quelle est votre d\u00e9marche ? Par exemple, les toiles de la s\u00e9rie \u00ab L\u2019\u00e9veil de la nature \u00bb intitul\u00e9es \u00ab Printemps sauvage \u00bb, \u00ab Vert d\u2019Automne sur lit de Bois \u00bb, \u00ab Pierre multicolore \u00bb, etc. sont inspir\u00e9es de l\u2019expression m\u00eame de la nature. Je m\u2019en suis impr\u00e9gn\u00e9e pour gagner en fluidit\u00e9, en unit\u00e9 ou en densit\u00e9, \u00e0 la mani\u00e8re d\u2019une m\u00e9ditation ou de sports traditionnels, tels que le tai-chi-chuan ou le chi gong. Comment cela se traduit-il sur la toile ? C\u2019est une qu\u00eate. Elle englobe le perfectionnement de ma technique, une profondeur dans mes rendus et la lib\u00e9ration du trait, dans l\u2019\u00e9lan et le mouvement \u00e0 la mani\u00e8re d\u2019un calligraphe, essentielle pour cr\u00e9er une harmonie entre le corps et l\u2019esprit. Le l\u00e2cher-prise dans ma gestuelle et dans mes \u00e9motions, c\u2019est le but ultime de toutes mes peintures\u2026 Un talent fran\u00e7ais qui s\u2019exporte \u00e0 l\u2019international Christelle Ottaviano expose depuis plus de dix ans en France. Ses tableaux se retrouvent in\u00e9vitablement dans le berceau des Arts, Paris, \u00e0 l\u2019occasion de grandes expositions ou dans des galeries (Thuillier, place des Vosges, Carrousel du Louvre). Ses peintures traversent diverses r\u00e9gions : le Sud-Ouest o\u00f9 elle vit (Bordeaux et la Gironde), les Pays de la Loire, l\u2019Alsace (Basse Ham), proche de son pays de naissance, ou encore le Sud-Est de la France (Aubagne, Nice, Hy\u00e8res) dont les couleurs chaudes rappellent ses origines familiales.Ses \u0153uvres voyagent au-del\u00e0 de l\u2019Hexagone : en Allemagne, au Japon, au Mexique ou encore dans la principaut\u00e9 de Monaco. Parmi les rendez-vous marquants\u2026Allemagne : 1er Salon International d\u2019Arts au pays des Trois fronti\u00e8res \u00e0 Perl (2014) ; Exposition au 12e Salon International \u00ab Artistes des Trois fronti\u00e8res \u00bb \u00e0 Losheim Am See (2009);Etats-Unis : Exposition d\u2019Echange culturel international \u00ab Paris-Tucson \u00bb, au Student Union Gallery d\u2019Arizona (2009) ;France : Exposition \u00ab La Nature dans tous ses Arts \u00bb pour la comm\u00e9moration du bicentenaire de l\u2019Ind\u00e9pendance : Argentine, Mexique, Colombie et Chili.Au Ch\u00e2teau Jos\u00e9phine, la Petite Malmaison \u00e0 Rueil-Malmaison 92 (2010) ;Japon : Exposition internationale Echange culturel (oct. 2015), Salon d\u2019Arts plastiques de Hyogo, au Mus\u00e9e Hyogo \u00e0 Kob\u00e9 (2014),\u00ab Fine Art Prize \u00bb lors de l\u2019Exposition internationale au Mus\u00e9e de Kob\u00e9 (2011) ; \u00ab Mention of Jury Prize \u00bb lors de l\u2019Exposition internationale \u00e0 Kob\u00e9 (2009) ;Mexique : Echange culturel international \u00e0 La Paz, Loreto, Los Cabos (2013) ; Echange culturel international \u00ab Passerelle France-Mexique \u00bb \u00e0 San Carlos (2011) ;Monaco : Prix d\u2019Honneur au 1er Salon International en Principaut\u00e9 de Monaco, \u00e0 la Maison de France \u00e0 Monte-Carlo (2011). Sa cotation et ses distinctions Christelle Ottaviano est r\u00e9f\u00e9renc\u00e9e dans le \u00ab Dictionnaire des Artistes c\u00f4t\u00e9s \u00bb chez Drouot (depuis 2006) et dans le \u00ab Guid\u2019Arts Cotation des Artistes \u00bb, disponible dans toutes les librairies. Elle est membre du \u00ab Who\u2019s Who Art Club International \u00bb. En 2009, elle a re\u00e7u la m\u00e9daille d\u2019argent du M\u00e9rite et du D\u00e9vouement fran\u00e7ais, au S\u00e9nat \u00e0 Paris : une r\u00e9compense destin\u00e9e aux citoyens fran\u00e7ais et \u00e9trangers, dont les activit\u00e9s contribuent au prestige de la France, aussi bien sur le plan Culturel que dans le domaine des Arts, des Lettres, des Sciences ou du Sport. Parmi les prix obtenus\u2026 2013 : m\u00e9daille de bronze des Arts et Lettres de France (Espace Saint-R\u00e9mi\/Bordeaux), m\u00e9daille d\u2019argent au 4e Chemin des arts internationaux et culturels (Toutry) ;2011 : 1er Prix au 34e Salon de peinture et de sculpture des arm\u00e9es du Sud-Ouest (ch\u00e2teau de Salles) ;2010 : prix d\u2019Honneur du Jury au 22e Aigle de Nice international (Parc Phoenix\/Promenade des Anglais) ;2009 : m\u00e9daille de bronze \u00e0 Arts Sciences Lettres (Paris 16e) ; m\u00e9daille de bronze au Concours international des Lettres de l\u2019Acad\u00e9mie de Lut\u00e8ce (Paris) ;2008 : 3e Prix de la Ville au 12e Salon international d\u2019arts plastiques (Basse Ham) ; m\u00e9daille d\u2019argent au 38e Concours international de Lut\u00e8ce (Acad\u00e9mie internationale de Lut\u00e8ce\/Paris).<\/p>\n","protected":false},"author":1,"featured_media":45,"parent":0,"menu_order":0,"comment_status":"closed","ping_status":"closed","template":"","meta":{"_glsr_average":0,"_glsr_ranking":0,"_glsr_reviews":0,"footnotes":""},"class_list":["post-44","page","type-page","status-publish","has-post-thumbnail","hentry"],"_links":{"self":[{"href":"https:\/\/art.christelleottaviano.fr\/index.php\/wp-json\/wp\/v2\/pages\/44","targetHints":{"allow":["GET"]}}],"collection":[{"href":"https:\/\/art.christelleottaviano.fr\/index.php\/wp-json\/wp\/v2\/pages"}],"about":[{"href":"https:\/\/art.christelleottaviano.fr\/index.php\/wp-json\/wp\/v2\/types\/page"}],"author":[{"embeddable":true,"href":"https:\/\/art.christelleottaviano.fr\/index.php\/wp-json\/wp\/v2\/users\/1"}],"replies":[{"embeddable":true,"href":"https:\/\/art.christelleottaviano.fr\/index.php\/wp-json\/wp\/v2\/comments?post=44"}],"version-history":[{"count":12,"href":"https:\/\/art.christelleottaviano.fr\/index.php\/wp-json\/wp\/v2\/pages\/44\/revisions"}],"predecessor-version":[{"id":992,"href":"https:\/\/art.christelleottaviano.fr\/index.php\/wp-json\/wp\/v2\/pages\/44\/revisions\/992"}],"wp:featuredmedia":[{"embeddable":true,"href":"https:\/\/art.christelleottaviano.fr\/index.php\/wp-json\/wp\/v2\/media\/45"}],"wp:attachment":[{"href":"https:\/\/art.christelleottaviano.fr\/index.php\/wp-json\/wp\/v2\/media?parent=44"}],"curies":[{"name":"wp","href":"https:\/\/api.w.org\/{rel}","templated":true}]}}