{"id":376,"date":"2024-08-25T22:22:09","date_gmt":"2024-08-25T20:22:09","guid":{"rendered":"https:\/\/art.christelleottaviano.fr\/?page_id=376"},"modified":"2024-10-14T16:38:40","modified_gmt":"2024-10-14T14:38:40","slug":"expos","status":"publish","type":"page","link":"https:\/\/art.christelleottaviano.fr\/index.php\/expos\/","title":{"rendered":"Expos et distinctions"},"content":{"rendered":"\n<div class=\"wp-block-columns is-layout-flex wp-container-core-columns-is-layout-9d6595d7 wp-block-columns-is-layout-flex\">\n<div class=\"wp-block-column is-layout-flow wp-block-column-is-layout-flow\" style=\"flex-basis:66.66%\">\n<p><strong>EXPOSITION A COUTRAS<\/strong><strong><br><br><\/strong>\u00ab\u00a0Cet oiseau messager d&rsquo;espoir\u00a0\u00bb<\/p>\n\n\n\n<p>Du vendredi 08 au 30 novembre 2024<\/p>\n\n\n\n<p><strong>Le vernissage aura lieu le vendredi 08 novembre \u00e0 18h30 !<\/strong><\/p>\n\n\n\n<p>Le Carr\u00e9 Culturel, Espace Maurice Druon<br>COUTRAS FRANCE<\/p>\n<\/div>\n\n\n\n<div class=\"wp-block-column is-layout-flow wp-block-column-is-layout-flow\" style=\"flex-basis:33.33%\">\n<figure class=\"wp-block-image size-full\"><img loading=\"lazy\" decoding=\"async\" width=\"975\" height=\"720\" src=\"https:\/\/art.christelleottaviano.fr\/wp-content\/uploads\/2024\/10\/461263445_1104074851629515_3938634129275487449_n.jpg\" alt=\"\" class=\"wp-image-1144\" srcset=\"https:\/\/art.christelleottaviano.fr\/wp-content\/uploads\/2024\/10\/461263445_1104074851629515_3938634129275487449_n.jpg 975w, https:\/\/art.christelleottaviano.fr\/wp-content\/uploads\/2024\/10\/461263445_1104074851629515_3938634129275487449_n-300x222.jpg 300w, https:\/\/art.christelleottaviano.fr\/wp-content\/uploads\/2024\/10\/461263445_1104074851629515_3938634129275487449_n-768x567.jpg 768w\" sizes=\"auto, (max-width: 975px) 100vw, 975px\" \/><\/figure>\n<\/div>\n<\/div>\n\n\n\n<p><br><strong>Expositions les plus importantes et Prix obtenus 2021-1993 :<\/strong><\/p>\n\n\n\n<ul class=\"wp-block-list\">\n<li><strong>Le 10 novembre 2021 :<\/strong> Exposition au 15e salon art Di&rsquo;vin \u00e0 la Fa\u00efencerie de Bordeaux.<\/li>\n\n\n\n<li><strong>Du 14 septembre au 14 octobre 2017<\/strong> : Le Before Bordelais, 13 avenue Charles de Gaulles BORDEAUX<\/li>\n\n\n\n<li><strong>Du 7 au 20 d\u00e9cembre 2016 :&nbsp;<\/strong>Expo Puc\u00e9art \u00ab\u00a0L&rsquo;aloze et le huachinango\u00a0\u00bb Halle des Chartrons, Bordeaux.<\/li>\n\n\n\n<li><strong>Du 30 juin au 16 septembre 2016 :&nbsp;<\/strong>\u00e0 l&rsquo;Alliance Fran\u00e7aise, 126 rue Abb\u00e9 de l&rsquo;Ep\u00e9e, Bordeaux.<\/li>\n<\/ul>\n\n\n\n<p><\/p>\n\n\n\n<ul class=\"wp-block-list\">\n<li><strong>Du 10 novembre au 31 d\u00e9cembre 2015 :&nbsp;<\/strong>\u00e0 l&rsquo;Espace Trianon Le Gabriel, Bordeaux.<\/li>\n\n\n\n<li><strong>Du 11 au 30 ao\u00fbt 2015 :&nbsp;<\/strong>Expo Internationale Arts et Lettres de France \u00e0 l&rsquo;Espace St R\u00e9mi \u00e0 Bordeaux.<\/li>\n\n\n\n<li><strong>Promotion 2015 :&nbsp;<\/strong>M\u00e9daill\u00e9e d&rsquo;argent \u00e0 Arts et Lettres de France, Espace St R\u00e9mi \u00e0 Bordeaux.<\/li>\n\n\n\n<li><strong>Du 03 au 15 mars 2015 :&nbsp;<\/strong>Expo Puc\u00e9art \u00ab\u00a0Les Insoumises, Flora, Tina Olympe et les autres\u00a0\u00bb \u00e0 l&rsquo;Espace St R\u00e9mi \u00e0 Bordeaux.<\/li>\n\n\n\n<li><strong>Du 30 et 31 janvier 2015 :&nbsp;<\/strong>Ventes aux ench\u00e8res par Jean-Dit-Cazaux, pour le Lions Club Bordeaux Tourny \u00e0 la Chartreuse St Andr\u00e9 \u00e0 Bordeaux Caud\u00e9ran.<\/li>\n<\/ul>\n\n\n\n<p><\/p>\n\n\n\n<ul class=\"wp-block-list\">\n<li><strong>1er d\u00e9cembre 2014 :&nbsp;<\/strong>\u00ab\u00a0Chevalier\u00a0\u00bb par l&rsquo;Acad\u00e9mie Europ\u00e9enne Arts Lettres Philosophie, r\u00e9gie par la loi du 01\/07\/1901, d\u00e9crets 16\/08\/1901; 06\/11\/1920.<\/li>\n\n\n\n<li><strong>1er d\u00e9cembre 2014 :&nbsp;<\/strong>M\u00e9daill\u00e9e d&rsquo;argent par l&rsquo;Acad\u00e9mie Europ\u00e9enne Arts Lettres Philosophie, loi du 01\/07\/1901, d\u00e9crets 16\/08\/1901; 06\/11\/1920.<\/li>\n\n\n\n<li><strong>Du 29 et 30 novembre 2014 :&nbsp;<\/strong>Expo \u00ab\u00a0Nartivit\u00e9\u00a0\u00bb avec 6 artistes Bordelais, ancienne Eglise des Cordeliers, 20 rue St Fran\u00e7ois \u00e0 Bordeaux.<\/li>\n\n\n\n<li><strong>Du 11 au 23 novembre 2014 :&nbsp;<\/strong>26e Grand Prix International de Nice, au Palais de l&rsquo;Agriculture, 113 promenade des Anglais \u00e0 Nice.<\/li>\n\n\n\n<li><strong>Du 24 au 26 octobre 2014 :&nbsp;<\/strong>1er Salon International d&rsquo;Arts au Pays des Trois Fronti\u00e8res \u00e0 Perl en Allemagne.<\/li>\n\n\n\n<li><strong>Du 21 ao\u00fbt au 17 septembre 2014 :&nbsp;<\/strong>Expo Solo au Poisson Rouge Bar, 20 rue Saumenude \u00e0 Bordeaux.<\/li>\n\n\n\n<li><strong>Du 5 au 12 septembre 2014 :&nbsp;<\/strong>Grand Prix du Castellet 2014 par le Rotary Club de St Cyr\/Mer, au Ch\u00e2teau du Castellet (83) .<\/li>\n\n\n\n<li><strong>Du 3 au 7 septembre 2014 :&nbsp;<\/strong>Salon International d&rsquo;Arts Plastiques de Hyogo au Mus\u00e9e de Kob\u00e9 au Japon.<\/li>\n\n\n\n<li><strong>Du 9 au 31 ao\u00fbt 2014 :&nbsp;<\/strong>Expo Internationale Arts et Lettres de France \u00e0 l&rsquo;Espace St R\u00e9mi \u00e0 Bordeaux.<\/li>\n<\/ul>\n\n\n\n<p><\/p>\n\n\n\n<ul class=\"wp-block-list\">\n<li><strong>Du 8 novembre au 8 d\u00e9cembre 2013 :&nbsp;<\/strong>Expo au Bar \u00e0 vin la Part des Anges, 23 rue Piliers de Tutelle \u00e0 Bordeaux.<\/li>\n\n\n\n<li><strong>Du 20 novembre au 8 d\u00e9cembre 2013 :&nbsp;<\/strong>Salon des Antiquaires et d&rsquo;Art Contemporain \u00e0 l&rsquo;Esplanade de Bordeaux Quinconces.<\/li>\n\n\n\n<li><strong>Du 23 novembre au 1er d\u00e9cembre 2013 :&nbsp;<\/strong>30e Salon des Arts Aquitaine Blanquefort 2013, au Parc Fongravey \u00e0 Blanquefort.<\/li>\n\n\n\n<li><strong>Du 9 au 21 octobre 2013 :&nbsp;<\/strong>Echange Culturel International \u00e0 La Paz, Loreto, Los Cabos au Mexique.<\/li>\n\n\n\n<li><strong>Le 07 et 08 septembre 2013 :&nbsp;<\/strong>M\u00e9daill\u00e9e d&rsquo;Argent au 4\u00e8me Chemin des Arts Internationaux et Culturels de Toutry.<\/li>\n\n\n\n<li><strong>Du 06 au 10 septembre 2013 :&nbsp;<\/strong>36e Salon de Peinture et Sculpture des Arm\u00e9es du Sud Ouest \u00e0 la Salle St Exup\u00e9ry \u00e0 Biscarosse.<\/li>\n\n\n\n<li><strong>Du 18 juin au 07 juillet 2013 :&nbsp;<\/strong>M\u00e9daill\u00e9e de Bronze \u00e0 Arts et Lettres de France, Espace St R\u00e9mi \u00e0 Bordeaux.<\/li>\n\n\n\n<li><strong>Du 01 juin au 08 juin 2013 :&nbsp;<\/strong>Expo avec Arts et Lettres de France \u00e0 l&rsquo;H\u00f4tel Souleia d&rsquo;Aubagne (13).<\/li>\n<\/ul>\n\n\n\n<p><\/p>\n\n\n\n<ul class=\"wp-block-list\">\n<li><strong>Du 24 novembre au 2 d\u00e9cembre 2012 :&nbsp;<\/strong>29e Salon des Arts Aquitaine Blanquefort 2012, au Parc Fongravey \u00e0 Blanquefort.<\/li>\n\n\n\n<li><strong>Du 23 au 30 novembre 2012 :&nbsp;<\/strong>11e Salon International des Arts Plastiques et Lettres 2012 \u00e0 L&rsquo;Ecole Sup\u00e9rieure de Commerce de Toulouse.<\/li>\n\n\n\n<li><strong>Du 18 juillet au 8 ao\u00fbt 2012 :&nbsp;<\/strong>35e Salon International d&rsquo;Arts Plastiques Arts et Lettres de France \u00e0 l&rsquo;Espace St R\u00e9mi \u00e0 Bordeaux.<\/li>\n\n\n\n<li><strong>Du 22 mai au 16 juin 2012 :&nbsp;<\/strong>Exposition individuelle \u00e0 \u00ab\u00a0Signes Ext\u00e9rieurs\u00a0\u00bb, Route de Bordeaux \u00e0 St Jean D&rsquo;Illac.<\/li>\n\n\n\n<li><strong>Du 26 mai au 6 juin 2012 :&nbsp;<\/strong>Exposition avec le CSA Beaus\u00e9jour M\u00e9rignac \u00e0 l&rsquo;Espace St R\u00e9mi \u00e0 Bordeaux.<\/li>\n\n\n\n<li><strong>Le 19 et 20 mai 2012 :&nbsp;<\/strong>Exposition \u00e0 la Biennale de Peinture et Sculpture d&rsquo;Art et Lettres de France \u00e0 Verdelais.<\/li>\n\n\n\n<li><strong>Du 2 au 12 mai 2012 :&nbsp;<\/strong>Exposition individuelle \u00e0 la M\u00e9docaine chez un caviste \u00e0 Bordeaux.<\/li>\n\n\n\n<li><strong>Du 2 au 30 avril 2012 :&nbsp;<\/strong>Exposition en duo \u00e0 l&rsquo;H\u00f4tel Kyriad Prestige \u00e0 Bordeaux M\u00e9rignac.<\/li>\n<\/ul>\n\n\n\n<p><\/p>\n\n\n\n<ul class=\"wp-block-list\">\n<li><strong>Le 30 novembre 2011 :&nbsp;<\/strong>Parution dans l\u2019Edition 2012-2013 du Who\u2019s Who International Art, dans toutes les librairies.<\/li>\n\n\n\n<li><strong>Du 3 au 17 d\u00e9cembre 2011 :&nbsp;<\/strong>2nd Prix du Jury du Conseil des Sages de la ville de B\u00e8gles, au Salon de Libre Expression Artistique aux Terres Neuves Hangar 20, \u00e0 B\u00e8gles.<\/li>\n\n\n\n<li><strong>Du 22 novembre au 18 d\u00e9cembre 2011 :&nbsp;<\/strong>23e Salon de l\u2019Aigle de Nice International au Parc Phoenix au Salon Emeraude \u00e0 Nice.<\/li>\n\n\n\n<li><strong>Du 19 au 27 novembre 2011 :&nbsp;<\/strong>Prix Contemporain au 28e Salon des Arts Aquitaine Blanquefort au Parc Fongravey \u00e0 Blanquefort.<\/li>\n\n\n\n<li><strong>Du 4 au 14 novembre 2011 :&nbsp;<\/strong>62e Salon National de Peinture et de Sculpture des Arm\u00e9es Mairie du 6e \u00e0 Paris.<\/li>\n\n\n\n<li><strong>Du 27 octobre au 6 novembre 2011 :&nbsp;<\/strong>Echange Culturel International \u00ab\u00a0Passerelle France-Mexique\u00a0\u00bb au Club de Yacht de San Carlos au Mexique.<\/li>\n\n\n\n<li><strong>Du 1 au 5 octobre 2011 :&nbsp;<\/strong>Exposition \u00ab\u00a0les 20 Bordelais\u00a0\u00bb dans le cadre d&rsquo;Octobre Rose, pour la Pr\u00e9vention contre le Cancer du Sein \u00e0 l&rsquo;Espace St R\u00e9mi \u00e0 Bordeaux.<\/li>\n\n\n\n<li><strong>Du 13 septembre au 13 octobre 2011 :&nbsp;<\/strong>Exposition Individuelle \u00e0 Focale TV, barri\u00e8re D&rsquo;Ornano \u00e0 Bordeaux.<\/li>\n\n\n\n<li><strong>Du 9 au 11 septembre 2011 :&nbsp;<\/strong>1er Prix au 34e Salon de Peinture et Sculpture des Arm\u00e9es du Sud-Ouest, au Ch\u00e2teau de Salles 33.<\/li>\n\n\n\n<li><strong>Du 6 juin au 14 ao\u00fbt 2011 :&nbsp;<\/strong>Exposition Internationale avec le Mexique \u00ab\u00a0Rencontre de 2 cultures\u00a0\u00bb \u00e0 M\u00e9zin.<\/li>\n\n\n\n<li><strong>Du 20 juin au 12 juillet 2011 :&nbsp;<\/strong>Prix d&rsquo;Honneur au 1er Salon International en Principaut\u00e9 de Monaco, \u00e0 la Maison de France \u00e0 Mont\u00e9 Carlo \u00e0 Monaco.<\/li>\n\n\n\n<li><strong>Du 22 au 25 juin 2011 :&nbsp;<\/strong>\u00ab\u00a0Fine Art Prize\u00a0\u00bb lors de l&rsquo;Exposition Internationale au Mus\u00e9e de Kob\u00e9 au JAPON.<\/li>\n\n\n\n<li><strong>Le 09 juin 2011 :&nbsp;<\/strong>Vente aux ench\u00e8res caritative \u00ab\u00a0Gourmandise\u00a0\u00bb par le Groupe AROM pour l&rsquo;Association M\u00e9decins sans Fronti\u00e8res \u00e0 la Fa\u00efencerie de Bordeaux.<\/li>\n\n\n\n<li><strong>Le 22 mai 2011 :&nbsp;<\/strong>Vente aux ench\u00e8res \u00ab\u00a0Vins et Arts\u00a0\u00bb anim\u00e9e par Ma\u00eetre Christian Jean-dit-Cazeaux, par le Lions Club Bordeaux Europe, au profit d&rsquo;un centre d&rsquo;accueil de jour pour malades Alzheimer, au Domaine de Perrotin \u00e0 St Pey de Castets.<\/li>\n<\/ul>\n\n\n\n<p><\/p>\n\n\n\n<ul class=\"wp-block-list\">\n<li><strong>Du 27 novembre au 12 d\u00e9cembre 2010 :&nbsp;<\/strong>Prix d&rsquo;Honneur du Jury au 22e Aigle de Nice International au Parc Phoenix, Promenade des Anglais \u00e0 Nice.<\/li>\n\n\n\n<li><strong>Du 20 au 28 novembre 2010 :&nbsp;<\/strong>Exposition au 27e Salon des Arts Aquitaine Blanquefort au Parc de Fongravey.<\/li>\n\n\n\n<li><strong>Du 19 au 21 novembre 2010 :&nbsp;<\/strong>Exposition \u00e0 4 artistes, au Domaine Jacques Brel au 3i\u00e8me Salon d&rsquo;Etoles &amp; Toiles \u00e0 Villenave d&rsquo;Ornon 33.<\/li>\n\n\n\n<li><strong>Du 14 au 24 octobre 2010 :&nbsp;<\/strong>Exposition d&rsquo;Echange Culturel International \u00ab\u00a0Tucson-Paris\u00a0\u00bb \u00e0 l&rsquo;H\u00f4tel de Ville de Bondy pour le 32e Salon Bondy Art International.<\/li>\n\n\n\n<li><strong>Le 18 et 19 septembre 2010 :&nbsp;<\/strong>Exposition \u00ab\u00a0La Nature dans tous ses Arts\u00a0\u00bb pour la comm\u00e9moration du Bicentenaire de l&rsquo;Ind\u00e9pendance : Argentine, Mexique, Colombie et Chili. Au Ch\u00e2teau Jos\u00e9phine, la Petite Malmaison \u00e0 Rueil Malmaison 92.<\/li>\n\n\n\n<li><strong>Le 10 et 11 septembre 2010 :&nbsp;<\/strong>Exposition individuelle au Ch\u00e2teau Dillon au 2nd Salon d&rsquo;Etoles &amp; Toiles \u00e0 Blanquefort 33.<\/li>\n\n\n\n<li><strong>Du 03 au 18 juillet 2010 :&nbsp;<\/strong>Exposition en duo \u00e0 l&rsquo;Espace St R\u00e9mi \u00e0 Bordeaux.<\/li>\n\n\n\n<li><strong>Du 03 au 12 juillet 2010 :&nbsp;<\/strong>Exposition Nationale Culturelle \u00e0 la salle Coquatrix \u00e0 Cabourg.<\/li>\n\n\n\n<li><strong>Du 25 au 27 juin 2010 :&nbsp;<\/strong>Exposition au 33e Salon de Peinture et Sculpture des Arm\u00e9es du Sud-Ouest \u00e0 Castelsarrasin 82.<\/li>\n\n\n\n<li><strong>Du 16 au 19 juin 2010 :&nbsp;<\/strong>Exposition Internationale \u00ab\u00a0Modern Art Contempory Exhibit 2010\u00a0\u00bb \u00e0 la Maison de la Mer \u00e0 Cavalaire\/mer.<\/li>\n\n\n\n<li><strong>Depuis juin 2010 :&nbsp;<\/strong>Membre du WHO&rsquo;S WHO Art Club International : christelleottaviano.whoswhoart.com<\/li>\n\n\n\n<li><strong>Du 22 au 25 avril 2010 :&nbsp;<\/strong>Exposition en duo au Domaine Jacques Brel au 1er Salon d&rsquo;Etoles &amp; Toiles \u00e0 Villenave d&rsquo;Ornon 33.<\/li>\n\n\n\n<li><strong>Du 19 au 24 janvier 2010 :&nbsp;<\/strong>Exposition par le WHO&rsquo;S WHO, Art Club International \u00e0 la Galerie Mouvances, 2 Place des Vosges \u00e0 Paris.<\/li>\n<\/ul>\n\n\n\n<p><\/p>\n\n\n\n<ul class=\"wp-block-list\">\n<li><strong>Le 19 d\u00e9cembre 2009 :&nbsp;<\/strong>M\u00e9daill\u00e9e d&rsquo;Argent au M\u00e9rite et D\u00e9vouement Fran\u00e7ais pour les m\u00e9rites et les services rendus \u00e0 la collectivit\u00e9, au S\u00e9nat \u00e0 Paris.<\/li>\n\n\n\n<li><strong>Du 10 octobre au 03 d\u00e9cembre 2009 :<\/strong>&nbsp;Exposition en duo \u00e0 l&rsquo;H\u00f4tel **** Quality Suites, A\u00e9roport Bordeaux M\u00e9rignac.<\/li>\n\n\n\n<li><strong>Du 18 au 30 novembre 2009 :&nbsp;<\/strong>Exposition d&rsquo;Echange Culturel International \u00ab\u00a0Paris-Tucson\u00a0\u00bb, au Student Union Gallery d&rsquo;Arizona aux Etats Unis.<\/li>\n\n\n\n<li><strong>Du 11 au 18 octobre 2009 :<\/strong>&nbsp;Exposition au 40e Salon des Arts \u00e0 Cholet 49.<\/li>\n\n\n\n<li><strong>Du 25 au 27 septembre 2009 :<\/strong>&nbsp;Exposition au 12e Salon International \u00ab\u00a0Artistes des trois fronti\u00e8res\u00a0\u00bb \u00e0 Losheim am See en Allemagne.<\/li>\n\n\n\n<li><strong>Du 25 au 27 septembre 2009 :<\/strong>&nbsp;Exposition en duo \u00ab\u00a0De la Nature \u00e0 l&rsquo;Homme\u00a0\u00bb au Domaine Jacques Brel \u00e0 Villenave d&rsquo;Ornon 33.<\/li>\n\n\n\n<li><strong>Du 04 au 16 juillet 2009 :<\/strong>&nbsp;Exposition au \u00ab\u00a0Salon d&rsquo;\u00e9t\u00e9\u00a0\u00bb \u00e0 la Galerie Thuillier dans le Marais \u00e0 Paris.<\/li>\n\n\n\n<li><strong>Du 19 au 21 juin 2009 :<\/strong>&nbsp;Exposition au Salon de l&rsquo;Art Fran\u00e7ais le \u00ab\u00a0Salon de la Libert\u00e9\u00a0\u00bb au Forum du Casino de Hy\u00e8res les Palmiers.<\/li>\n\n\n\n<li><strong>Du 04 au 10 juin 2009 :<\/strong>&nbsp;\u00ab\u00a0Mention of Jury Prize\u00a0\u00bb Exposition Internationale \u00e0 Kob\u00e9 au Japon. C&rsquo;est un cristal grav\u00e9 repr\u00e9sentant l&rsquo;oiseau de feu en vol.<\/li>\n\n\n\n<li><strong>Du 01 au 29 mai 2009 :<\/strong>&nbsp;Exposition en trio \u00ab\u00a0autour de l&rsquo;Art et le Vin\u00a0\u00bb au Mus\u00e9e du Vin et du N\u00e9goce \u00e0 Bordeaux.<\/li>\n\n\n\n<li><strong>Le 10 mai 2009 :<\/strong>&nbsp;M\u00e9daill\u00e9e de bronze \u00e0 Arts Sciences Lettres, pour 10 tableaux et pour un recueil de po\u00e9sie libre intitul\u00e9 \u00ab\u00a0La Voie\u00a0\u00bb \u00e0 Paris XVI.<\/li>\n\n\n\n<li><strong>Du 18 mars au 26 avril 2009 :&nbsp;<\/strong>Exposition individuelle au Comptoir du Jazz \u00ab\u00a0Portraits des Peuples\u00a0\u00bb \u00e0 Bordeaux.<\/li>\n\n\n\n<li><strong>Le 04 avril 2009 :<\/strong>&nbsp;M\u00e9daill\u00e9e de bronze au Concours International des Lettres de l&rsquo;Acad\u00e9mie de Lut\u00e8ce pour un recueil de po\u00e9sie intitul\u00e9 \u00ab\u00a0La Voie\u00a0\u00bb \u00e0 Paris.<\/li>\n\n\n\n<li><strong>Du 25 au 29 mars 2009 :&nbsp;<\/strong>Exposition par le Who\u2019s Who, Art Club International, au Ch\u00e2teau d&rsquo;Auvers\/Oise.<\/li>\n<\/ul>\n\n\n\n<p><\/p>\n\n\n\n<ul class=\"wp-block-list\">\n<li><strong>Du 28 au 30 novembre 2008 :<\/strong>&nbsp;3\u00e8me Prix de la Ville au 12e Salon International d\u2019Arts Plastiques \u00e0 Basse Ham en France.<\/li>\n\n\n\n<li><strong>Du 26 au 28 septembre 2008 :<\/strong>&nbsp;Exposition au 11e Salon International \u00ab\u00a0Artistes des trois fronti\u00e8res\u00a0\u00bb \u00e0 Losheim am See en Allemagne.<\/li>\n\n\n\n<li><strong>Le 07 et 08 juin 2008 :<\/strong>&nbsp;Exposition au Carrousel du Louvre \u00e0 Paris.<\/li>\n\n\n\n<li><strong>Le 30 mars 2008 :<\/strong>&nbsp;M\u00e9daill\u00e9e d\u2019argent au 38\u00e8me Concours International de Lut\u00e8ce par l\u2019Acad\u00e9mie Internationale de Lut\u00e8ce \u00e0 Paris.<\/li>\n\n\n\n<li><strong>Du 01 au 13 mars 2008 :<\/strong>&nbsp;Exposition \u00e0 la Galerie Internationale d\u2019Art Contemporain Thuillier lors du \u00ab\u00a0Salon de Mars\u00a0\u00bb, au c\u0153ur du Marais \u00e0 Paris.<\/li>\n<\/ul>\n\n\n\n<p><\/p>\n\n\n\n<ul class=\"wp-block-list\">\n<li><strong>Le 22 septembre 2006 :<\/strong>&nbsp;Prix de l\u2019Office du Tourisme de Longwy, lors de l\u2019exposition \u00ab\u00a0Longwy Arts d\u2019Et\u00e9\u00a0\u00bb Prestige de la Lorraine.<\/li>\n\n\n\n<li><strong>Depuis 2005\/2006 :<\/strong>&nbsp;Chez Drouot Cotation des Artistes et sur le Larousse Cotation des Artistes : ottaviano.guidarts.com<\/li>\n<\/ul>\n\n\n\n<p><\/p>\n\n\n\n<ul class=\"wp-block-list\">\n<li><strong>Du 21 octobre au 04 novembre 2000 :&nbsp;<\/strong>Exposition au 3e Salon International d\u2019Automne \u00e0 Beyssac et Saint Sornin Lavolps.<\/li>\n<\/ul>\n\n\n\n<p><\/p>\n\n\n\n<ul class=\"wp-block-list\">\n<li><strong>Le 23 mai 1993 :&nbsp;<\/strong>Premier Prix Hosotte du nom de l\u2019Artiste George Hosotte, pour la r\u00e9alisation d\u2019un dossier de dessins et de modelages r\u00e9alis\u00e9s en terminale d\u2019Arts Plastiques et d\u2019Histoire de l\u2019Art \u00e0 Auxerre.<\/li>\n<\/ul>\n\n\n\n<p><\/p>\n","protected":false},"excerpt":{"rendered":"<p>EXPOSITION A COUTRAS \u00ab\u00a0Cet oiseau messager d&rsquo;espoir\u00a0\u00bb Du vendredi 08 au 30 novembre 2024 Le vernissage aura lieu le vendredi 08 novembre \u00e0 18h30 ! Le Carr\u00e9 Culturel, Espace Maurice DruonCOUTRAS FRANCE Expositions les plus importantes et Prix obtenus 2021-1993 :<\/p>\n","protected":false},"author":1,"featured_media":0,"parent":0,"menu_order":0,"comment_status":"closed","ping_status":"closed","template":"","meta":{"_glsr_average":0,"_glsr_ranking":0,"_glsr_reviews":0,"footnotes":""},"class_list":["post-376","page","type-page","status-publish","hentry"],"_links":{"self":[{"href":"https:\/\/art.christelleottaviano.fr\/index.php\/wp-json\/wp\/v2\/pages\/376","targetHints":{"allow":["GET"]}}],"collection":[{"href":"https:\/\/art.christelleottaviano.fr\/index.php\/wp-json\/wp\/v2\/pages"}],"about":[{"href":"https:\/\/art.christelleottaviano.fr\/index.php\/wp-json\/wp\/v2\/types\/page"}],"author":[{"embeddable":true,"href":"https:\/\/art.christelleottaviano.fr\/index.php\/wp-json\/wp\/v2\/users\/1"}],"replies":[{"embeddable":true,"href":"https:\/\/art.christelleottaviano.fr\/index.php\/wp-json\/wp\/v2\/comments?post=376"}],"version-history":[{"count":15,"href":"https:\/\/art.christelleottaviano.fr\/index.php\/wp-json\/wp\/v2\/pages\/376\/revisions"}],"predecessor-version":[{"id":1145,"href":"https:\/\/art.christelleottaviano.fr\/index.php\/wp-json\/wp\/v2\/pages\/376\/revisions\/1145"}],"wp:attachment":[{"href":"https:\/\/art.christelleottaviano.fr\/index.php\/wp-json\/wp\/v2\/media?parent=376"}],"curies":[{"name":"wp","href":"https:\/\/api.w.org\/{rel}","templated":true}]}}