{"id":1490,"date":"2026-03-19T16:11:58","date_gmt":"2026-03-19T15:11:58","guid":{"rendered":"https:\/\/art.christelleottaviano.fr\/?page_id=1490"},"modified":"2026-03-19T21:45:23","modified_gmt":"2026-03-19T20:45:23","slug":"lecture-strategique-guidance-sur-mesure","status":"publish","type":"page","link":"https:\/\/art.christelleottaviano.fr\/index.php\/lecture-strategique-guidance-sur-mesure\/","title":{"rendered":"Lecture strat\u00e9gique &amp; guidance sur mesure"},"content":{"rendered":"<h3 data-section-id=\"1n42r18\" data-start=\"161\" data-end=\"214\"><strong><a href=\"https:\/\/art.christelleottaviano.fr\/index.php\/prestations-tarifs\/\">Une approche rare pour des d\u00e9cisions qui comptent<\/a><\/strong><\/h3>\n<p data-start=\"216\" data-end=\"374\">Il existe des moments o\u00f9 la clart\u00e9 devient une exigence.<br data-start=\"272\" data-end=\"275\" \/>Lorsque les enjeux sont \u00e9lev\u00e9s, vous avez besoin d\u2019un regard capable d\u2019aller au-del\u00e0 de l\u2019\u00e9vidence.<\/p>\n<p data-start=\"376\" data-end=\"516\">J\u2019accompagne particuliers, entrepreneur.es et dirigeant.es dans la lecture fine de leur trajectoire et des dynamiques humaines qui la fa\u00e7onnent.<\/p>\n<hr data-start=\"518\" data-end=\"521\" \/>\n<h2 data-section-id=\"jw1ycc\" data-start=\"523\" data-end=\"546\"><span role=\"text\"><strong data-start=\"526\" data-end=\"546\">L\u2019accompagnement<\/strong><\/span><\/h2>\n<p data-start=\"548\" data-end=\"612\">Une lecture strat\u00e9gique, sensible et pr\u00e9cise de votre situation.<\/p>\n<p data-start=\"614\" data-end=\"662\">Mon travail consiste \u00e0 r\u00e9v\u00e9ler avec exactitude :<\/p>\n<ul data-start=\"663\" data-end=\"881\">\n<li data-section-id=\"w4v0ay\" data-start=\"663\" data-end=\"711\">\n<p data-start=\"665\" data-end=\"711\">les profils des personnes qui vous entourent<\/p>\n<\/li>\n<li data-section-id=\"13jbhcb\" data-start=\"712\" data-end=\"759\">\n<p data-start=\"714\" data-end=\"759\">leurs intentions et leurs zones d\u2019influence<\/p>\n<\/li>\n<li data-section-id=\"161wnyt\" data-start=\"760\" data-end=\"827\">\n<p data-start=\"762\" data-end=\"827\">les \u00e9quilibres, tensions ou leviers pr\u00e9sents dans vos relations<\/p>\n<\/li>\n<li data-section-id=\"1hc7fbo\" data-start=\"828\" data-end=\"881\">\n<p data-start=\"830\" data-end=\"881\">les trajectoires possibles \u00e0 court et moyen terme<\/p>\n<\/li>\n<\/ul>\n<p data-start=\"883\" data-end=\"1075\">\u00c0 travers l\u2019\u00e9criture intuitive et le portrait (\u00e9crit ou dessin\u00e9), j\u2019interviens en tant que \u00ab\u00a0profiler\u00a0\u00bb et guide, apportant une compr\u00e9hension imm\u00e9diatement exploitable dans vos prises de d\u00e9cision.<\/p>\n<p data-start=\"1077\" data-end=\"1151\">Chaque s\u00e9ance est confidentielle, structur\u00e9e et enti\u00e8rement personnalis\u00e9e.<\/p>\n<hr data-start=\"1153\" data-end=\"1156\" \/>\n<h2 data-section-id=\"1utsjm8\" data-start=\"1158\" data-end=\"1173\"><span role=\"text\"><strong data-start=\"1161\" data-end=\"1173\">Pour qui<\/strong><\/span><\/h2>\n<p data-start=\"1175\" data-end=\"1226\">Cet accompagnement s\u2019adresse \u00e0 celles et ceux qui :<\/p>\n<ul data-start=\"1227\" data-end=\"1504\">\n<li data-section-id=\"u68cxn\" data-start=\"1227\" data-end=\"1266\">\n<p data-start=\"1229\" data-end=\"1266\">font face \u00e0 une d\u00e9cision importante<\/p>\n<\/li>\n<li data-section-id=\"1lfjpsq\" data-start=\"1267\" data-end=\"1327\">\n<p data-start=\"1269\" data-end=\"1327\">souhaitent s\u00e9curiser un partenariat ou une collaboration<\/p>\n<\/li>\n<li data-section-id=\"i5a2af\" data-start=\"1328\" data-end=\"1379\">\n<p data-start=\"1330\" data-end=\"1379\">traversent une situation relationnelle complexe<\/p>\n<\/li>\n<li data-section-id=\"3orxni\" data-start=\"1380\" data-end=\"1439\">\n<p data-start=\"1382\" data-end=\"1439\">ressentent le besoin d\u2019un \u00e9clairage fiable et ext\u00e9rieur<\/p>\n<\/li>\n<li data-section-id=\"1a5uvbm\" data-start=\"1440\" data-end=\"1504\">\n<p data-start=\"1442\" data-end=\"1504\">recherchent un niveau de lecture plus profond et strat\u00e9gique<\/p>\n<\/li>\n<\/ul>\n<hr data-start=\"1506\" data-end=\"1509\" \/>\n<h2 data-section-id=\"1sedonv\" data-start=\"1511\" data-end=\"1542\"><span role=\"text\"><strong data-start=\"1514\" data-end=\"1542\">Ce que cela vous apporte<\/strong><\/span><\/h2>\n<ul data-start=\"1544\" data-end=\"1831\">\n<li data-section-id=\"67acc2\" data-start=\"1544\" data-end=\"1598\">\n<p data-start=\"1546\" data-end=\"1598\">Une vision claire et structur\u00e9e de votre situation<\/p>\n<\/li>\n<li data-section-id=\"1gilt7r\" data-start=\"1599\" data-end=\"1656\">\n<p data-start=\"1601\" data-end=\"1656\">Une compr\u00e9hension fine des dynamiques humaines en jeu<\/p>\n<\/li>\n<li data-section-id=\"683lm6\" data-start=\"1657\" data-end=\"1702\">\n<p data-start=\"1659\" data-end=\"1702\">Une capacit\u00e9 \u00e0 anticiper plut\u00f4t que subir<\/p>\n<\/li>\n<li data-section-id=\"wn6n0z\" data-start=\"1703\" data-end=\"1765\">\n<p data-start=\"1705\" data-end=\"1765\">Des prises de d\u00e9cision plus justes, align\u00e9es et ma\u00eetris\u00e9es<\/p>\n<\/li>\n<li data-section-id=\"1ho3rai\" data-start=\"1766\" data-end=\"1831\">\n<p data-start=\"1768\" data-end=\"1831\">Un temps d\u2019avance dans vos choix personnels et professionnels<\/p>\n<\/li>\n<\/ul>\n<hr data-start=\"1833\" data-end=\"1836\" \/>\n<h2 data-section-id=\"2xl88y\" data-start=\"1838\" data-end=\"1857\"><span role=\"text\"><strong data-start=\"1841\" data-end=\"1857\">L\u2019exp\u00e9rience<\/strong><\/span><\/h2>\n<p data-start=\"1859\" data-end=\"1918\">Chaque consultation est con\u00e7ue comme un espace d\u2019exception.<\/p>\n<p data-start=\"1920\" data-end=\"1967\">Dans cet espace, des \u00e9l\u00e9ments pr\u00e9cis \u00e9mergent :<\/p>\n<ul data-start=\"1968\" data-end=\"2175\">\n<li data-section-id=\"fp2x4v\" data-start=\"1968\" data-end=\"2016\">\n<p data-start=\"1970\" data-end=\"2016\">portraits d\u00e9taill\u00e9s des personnes concern\u00e9es<\/p>\n<\/li>\n<li data-section-id=\"1lds7it\" data-start=\"2017\" data-end=\"2081\">\n<p data-start=\"2019\" data-end=\"2081\">informations cibl\u00e9es en lien direct avec votre probl\u00e9matique<\/p>\n<\/li>\n<li data-section-id=\"1pa4ou8\" data-start=\"2082\" data-end=\"2175\">\n<p data-start=\"2084\" data-end=\"2175\">perceptions visuelles ou symboliques (structures, \u201cplans\u201d) venant renforcer la lisibilit\u00e9<\/p>\n<\/li>\n<\/ul>\n<p data-start=\"2177\" data-end=\"2279\">Tout ce qui est transmis l\u2019est dans un seul objectif : servir votre clart\u00e9 et votre capacit\u00e9 d\u2019action.<\/p>\n<hr data-start=\"2281\" data-end=\"2284\" \/>\n<h2 data-section-id=\"q9rl7l\" data-start=\"2286\" data-end=\"2305\"><span role=\"text\"><strong data-start=\"2289\" data-end=\"2305\">Le processus<\/strong><\/span><\/h2>\n<ol data-start=\"2307\" data-end=\"2710\">\n<li data-section-id=\"1vactxe\" data-start=\"2307\" data-end=\"2403\">\n<p data-start=\"2310\" data-end=\"2403\"><strong data-start=\"2310\" data-end=\"2329\">Demande d\u2019acc\u00e8s<\/strong><br data-start=\"2329\" data-end=\"2332\" \/>Vous formulez votre demande en pr\u00e9cisant bri\u00e8vement votre situation.<\/p>\n<\/li>\n<li data-section-id=\"1sxno83\" data-start=\"2405\" data-end=\"2511\">\n<p data-start=\"2408\" data-end=\"2511\"><strong data-start=\"2408\" data-end=\"2427\">\u00c9tude pr\u00e9alable<\/strong><br data-start=\"2427\" data-end=\"2430\" \/>Chaque demande est \u00e9tudi\u00e9e afin de garantir la pertinence de l\u2019accompagnement.<\/p>\n<\/li>\n<li data-section-id=\"1j8p0ex\" data-start=\"2513\" data-end=\"2595\">\n<p data-start=\"2516\" data-end=\"2595\"><strong data-start=\"2516\" data-end=\"2539\">Consultation priv\u00e9e<\/strong><br data-start=\"2539\" data-end=\"2542\" \/>S\u00e9ance individuelle, confidentielle et sur-mesure.<\/p>\n<\/li>\n<li data-section-id=\"wh670r\" data-start=\"2597\" data-end=\"2710\">\n<p data-start=\"2600\" data-end=\"2710\"><strong data-start=\"2600\" data-end=\"2626\">Int\u00e9gration &amp; d\u00e9cision<\/strong><br data-start=\"2626\" data-end=\"2629\" \/>Vous repartez avec des \u00e9l\u00e9ments clairs, activables et directement utilisables.<\/p>\n<\/li>\n<\/ol>\n<hr data-start=\"2712\" data-end=\"2715\" \/>\n<h2 data-section-id=\"1jctqat\" data-start=\"2900\" data-end=\"2921\"><span role=\"text\"><strong data-start=\"2903\" data-end=\"2921\">Positionnement<\/strong><\/span><\/h2>\n<p data-start=\"2923\" data-end=\"3053\">Cet accompagnement s\u2019adresse \u00e0 des personnes engag\u00e9es, pr\u00eates \u00e0 recevoir une lecture \u00e0 la fois lucide, profonde et op\u00e9rationnelle.<\/p>\n<p data-start=\"3055\" data-end=\"3151\">Il ne s\u2019agit pas seulement de comprendre, mais de voir avec pr\u00e9cision, pour agir avec justesse.<\/p>\n<hr data-start=\"3153\" data-end=\"3156\" \/>\n<h2 data-section-id=\"17glmdj\" data-start=\"3158\" data-end=\"3188\"><span role=\"text\"><strong data-start=\"3161\" data-end=\"3188\">Demande de consultation<\/strong><\/span><\/h2>\n<p data-start=\"3190\" data-end=\"3253\"><strong data-start=\"3190\" data-end=\"3253\">Offrez-vous un espace de clart\u00e9 \u00e0 la hauteur de vos enjeux.<\/strong><\/p>\n<p data-start=\"3255\" data-end=\"3301\"><a href=\"https:\/\/art.christelleottaviano.fr\/index.php\/contact\/\">\u2192 <strong data-start=\"3257\" data-end=\"3301\">Faire une demande de consultation priv\u00e9e<\/strong><\/a><\/p>\n","protected":false},"excerpt":{"rendered":"<p>Une approche rare pour des d\u00e9cisions qui comptent Il existe des moments o\u00f9 la clart\u00e9 devient une exigence.Lorsque les enjeux sont \u00e9lev\u00e9s, vous avez besoin d\u2019un regard capable d\u2019aller au-del\u00e0 de l\u2019\u00e9vidence. J\u2019accompagne particuliers, entrepreneur.es et dirigeant.es dans la lecture fine de leur trajectoire et des dynamiques humaines qui la fa\u00e7onnent. L\u2019accompagnement Une lecture strat\u00e9gique, sensible et pr\u00e9cise de votre situation. Mon travail consiste \u00e0 r\u00e9v\u00e9ler avec exactitude : les profils des personnes qui vous entourent leurs intentions et leurs zones d\u2019influence les \u00e9quilibres, tensions ou leviers pr\u00e9sents dans vos relations les trajectoires possibles \u00e0 court et moyen terme \u00c0 travers l\u2019\u00e9criture intuitive et le portrait (\u00e9crit ou dessin\u00e9), j\u2019interviens en tant que \u00ab\u00a0profiler\u00a0\u00bb et guide, apportant une compr\u00e9hension imm\u00e9diatement exploitable dans vos prises de d\u00e9cision. Chaque s\u00e9ance est confidentielle, structur\u00e9e et enti\u00e8rement personnalis\u00e9e. Pour qui Cet accompagnement s\u2019adresse \u00e0 celles et ceux qui : font face \u00e0 une d\u00e9cision importante souhaitent s\u00e9curiser un partenariat ou une collaboration traversent une situation relationnelle complexe ressentent le besoin d\u2019un \u00e9clairage fiable et ext\u00e9rieur recherchent un niveau de lecture plus profond et strat\u00e9gique Ce que cela vous apporte Une vision claire et structur\u00e9e de votre situation Une compr\u00e9hension fine des dynamiques humaines en jeu Une capacit\u00e9 \u00e0 anticiper plut\u00f4t que subir Des prises de d\u00e9cision plus justes, align\u00e9es et ma\u00eetris\u00e9es Un temps d\u2019avance dans vos choix personnels et professionnels L\u2019exp\u00e9rience Chaque consultation est con\u00e7ue comme un espace d\u2019exception. Dans cet espace, des \u00e9l\u00e9ments pr\u00e9cis \u00e9mergent : portraits d\u00e9taill\u00e9s des personnes concern\u00e9es informations cibl\u00e9es en lien direct avec votre probl\u00e9matique perceptions visuelles ou symboliques (structures, \u201cplans\u201d) venant renforcer la lisibilit\u00e9 Tout ce qui est transmis l\u2019est dans un seul objectif : servir votre clart\u00e9 et votre capacit\u00e9 d\u2019action. Le processus Demande d\u2019acc\u00e8sVous formulez votre demande en pr\u00e9cisant bri\u00e8vement votre situation. \u00c9tude pr\u00e9alableChaque demande est \u00e9tudi\u00e9e afin de garantir la pertinence de l\u2019accompagnement. Consultation priv\u00e9eS\u00e9ance individuelle, confidentielle et sur-mesure. Int\u00e9gration &amp; d\u00e9cisionVous repartez avec des \u00e9l\u00e9ments clairs, activables et directement utilisables. Positionnement Cet accompagnement s\u2019adresse \u00e0 des personnes engag\u00e9es, pr\u00eates \u00e0 recevoir une lecture \u00e0 la fois lucide, profonde et op\u00e9rationnelle. Il ne s\u2019agit pas seulement de comprendre, mais de voir avec pr\u00e9cision, pour agir avec justesse. Demande de consultation Offrez-vous un espace de clart\u00e9 \u00e0 la hauteur de vos enjeux. \u2192 Faire une demande de consultation priv\u00e9e<\/p>\n","protected":false},"author":1,"featured_media":0,"parent":0,"menu_order":0,"comment_status":"closed","ping_status":"closed","template":"","meta":{"_glsr_average":0,"_glsr_ranking":0,"_glsr_reviews":0,"footnotes":""},"class_list":["post-1490","page","type-page","status-publish","hentry"],"_links":{"self":[{"href":"https:\/\/art.christelleottaviano.fr\/index.php\/wp-json\/wp\/v2\/pages\/1490","targetHints":{"allow":["GET"]}}],"collection":[{"href":"https:\/\/art.christelleottaviano.fr\/index.php\/wp-json\/wp\/v2\/pages"}],"about":[{"href":"https:\/\/art.christelleottaviano.fr\/index.php\/wp-json\/wp\/v2\/types\/page"}],"author":[{"embeddable":true,"href":"https:\/\/art.christelleottaviano.fr\/index.php\/wp-json\/wp\/v2\/users\/1"}],"replies":[{"embeddable":true,"href":"https:\/\/art.christelleottaviano.fr\/index.php\/wp-json\/wp\/v2\/comments?post=1490"}],"version-history":[{"count":8,"href":"https:\/\/art.christelleottaviano.fr\/index.php\/wp-json\/wp\/v2\/pages\/1490\/revisions"}],"predecessor-version":[{"id":1507,"href":"https:\/\/art.christelleottaviano.fr\/index.php\/wp-json\/wp\/v2\/pages\/1490\/revisions\/1507"}],"wp:attachment":[{"href":"https:\/\/art.christelleottaviano.fr\/index.php\/wp-json\/wp\/v2\/media?parent=1490"}],"curies":[{"name":"wp","href":"https:\/\/api.w.org\/{rel}","templated":true}]}}