{"id":1208,"date":"2024-12-01T18:53:03","date_gmt":"2024-12-01T17:53:03","guid":{"rendered":"https:\/\/art.christelleottaviano.fr\/?page_id=1208"},"modified":"2026-03-10T18:04:32","modified_gmt":"2026-03-10T17:04:32","slug":"vos-avis","status":"publish","type":"page","link":"https:\/\/art.christelleottaviano.fr\/index.php\/vos-avis\/","title":{"rendered":"Vos T\u00e9moignages"},"content":{"rendered":"<p>Si vous souhaitez laisser un avis, <a href=\"https:\/\/art.christelleottaviano.fr\/index.php\/laissez-votre-avis\/\">rendez-vous sur cette page<\/a>.<\/p>\n<div class=\"glsr glsr-default\" id=\"m45wfdwo\" data-from=\"shortcode\" data-shortcode=\"site_reviews\" data-display=\"2000\"><div class=\"glsr-reviews-wrap\">\n    <div class=\"glsr-reviews\">\n        <div class=\"glsr-review\" data-type=\"local\" id=\"review-1462\" data-assigned='[]'>\n    <div class=\"glsr-review-title\"><h4 class=\"glsr-tag-value\">Puissant<\/h4><\/div>\n    <div class=\"glsr-review-rating\"><div class=\"glsr-star-rating glsr-stars\" role=\"img\" aria-label=\"Rated 5 out of 5 stars\" data-rating=\"5\" data-reviews=\"0\"><span class=\"glsr-star glsr-star-full\" aria-hidden=\"true\"><\/span><span class=\"glsr-star glsr-star-full\" aria-hidden=\"true\"><\/span><span class=\"glsr-star glsr-star-full\" aria-hidden=\"true\"><\/span><span class=\"glsr-star glsr-star-full\" aria-hidden=\"true\"><\/span><span class=\"glsr-star glsr-star-full\" aria-hidden=\"true\"><\/span><\/div><\/div> <div class=\"glsr-review-date\"><span class=\"glsr-tag-value\">9 mars 2026<\/span><\/div>\n    \n    <div class=\"glsr-review-content\"><div class=\"glsr-tag-value\" data-expanded=\"false\"><p>Cette s\u00e9ance avec Christelle m\u2019a apport\u00e9 \u00e9norm\u00e9ment de cl\u00e9s de compr\u00e9hension, de nouvelles portes \u00e0 ouvrir et l\u2019acc\u00e8s \u00e0 de nouvelles potentialit\u00e9s.<\/p>\n<p>Je me sens depuis, remplie d\u2019\u00e9nergie et de joie, ingr\u00e9dients qui avaient \u00e9t\u00e9 malmen\u00e9s ces derniers temps.<\/p>\n<p class=\"glsr-hidden-text\" data-show-less=\"Afficher moins\" data-show-more=\"Afficher plus\" data-trigger=\"expand\">Pendant cette s\u00e9ance (qui n\u2019\u00e9tait pas au d\u00e9part une s\u00e9ance de contact avec des d\u00e9funts, c\u2019\u00e9tait de l\u2019<span class=\"glsr-hidden\">ordre d\u2019une guidance plut\u00f4t), j\u2019ai eu la visite surprise d\u2019une petite \u00e2me (qu\u2019on aime profond\u00e9ment) que je sens depuis fort pr\u00e9sente et hyper soutenante.<\/span><\/p>\n<p class=\"glsr-hidden\">Christelle a canalis\u00e9 par le dessin et j\u2019ai \u00e9t\u00e9 bluff\u00e9e par intensit\u00e9 vibratoire du r\u00e9sultat. Je vous recommande cette exp\u00e9rience les yeux ferm\u00e9s et le c\u0153ur grand ouvert \ud83e\udef6.<\/p><\/div><\/div>\n     <div class=\"glsr-review-author\"><span class=\"glsr-tag-value\">Camille<\/span><\/div> \n    <div class=\"glsr-review-response\"><div class=\"glsr-tag-value\" data-expanded=\"false\"><div class=\"glsr-review-response-inner\"><p><strong>R\u00e9ponse de Christelle Ottaviano Artiste Peintre Internationale<\/strong><\/p><p class=\"glsr-hidden-text\" data-show-less=\"Afficher moins\" data-show-more=\"Afficher plus\" data-trigger=\"expand\">Camille, je suis profond\u00e9ment heureuse et touch\u00e9e de lire ce t\u00e9moignage. Je crois qu&#8217;une porte s&#8217;est ouverte, davantage tourn\u00e9e vers le vivant, tout en faisant le lien avec nos \u00eatres chers de l&#8217;autre c\u00f4t\u00e9 du voile. Ces \u00eatres qui sont l\u00e0 pour nous guider et nous accompagner sur notre<span class=\"glsr-hidden\"> chemin de vie. MERCI !<\/span><\/p><\/div><\/div><\/div>\n<\/div>\n<div class=\"glsr-review\" data-type=\"local\" id=\"review-1437\" data-assigned='[]'>\n    <div class=\"glsr-review-title\"><h4 class=\"glsr-tag-value\">Un moment hors du temps<\/h4><\/div>\n    <div class=\"glsr-review-rating\"><div class=\"glsr-star-rating glsr-stars\" role=\"img\" aria-label=\"Rated 5 out of 5 stars\" data-rating=\"5\" data-reviews=\"0\"><span class=\"glsr-star glsr-star-full\" aria-hidden=\"true\"><\/span><span class=\"glsr-star glsr-star-full\" aria-hidden=\"true\"><\/span><span class=\"glsr-star glsr-star-full\" aria-hidden=\"true\"><\/span><span class=\"glsr-star glsr-star-full\" aria-hidden=\"true\"><\/span><span class=\"glsr-star glsr-star-full\" aria-hidden=\"true\"><\/span><\/div><\/div> <div class=\"glsr-review-date\"><span class=\"glsr-tag-value\">5 mars 2026<\/span><\/div>\n    \n    <div class=\"glsr-review-content\"><div class=\"glsr-tag-value\" data-expanded=\"false\"><p>Christelle a r\u00e9alis\u00e9 un dessin assez incroyable, comme un instantan\u00e9 de dialogue faisant lien entre deux mondes. Cette exp\u00e9rience nous a r\u00e9confort\u00e9es et fascin\u00e9es. Nous n&#8217;attendions rien de pr\u00e9cis et nous avons eu le tout ! Cela nous fait l&#8217;effet d&#8217;un booste, comme port\u00e9es.<\/p>\n<p class=\"glsr-hidden-text\" data-show-less=\"Afficher moins\" data-show-more=\"Afficher plus\" data-trigger=\"expand\">Sa douceur, sa pr\u00e9cision joyeuse, son h<span class=\"glsr-hidden\">umanit\u00e9 ont fait de ce moment une merveilleuse parenth\u00e8se dans notre quotidien. Je recommande \u00e0 tous les vivants, vous vous sentirez moins seuls !<\/span><\/p><\/div><\/div>\n     <div class=\"glsr-review-author\"><span class=\"glsr-tag-value\">Claire Louise<\/span><\/div> \n    <div class=\"glsr-review-response\"><div class=\"glsr-tag-value\" data-expanded=\"false\"><div class=\"glsr-review-response-inner\"><p><strong>R\u00e9ponse de Christelle Ottaviano Artiste Peintre Internationale<\/strong><\/p><p>Je vous remercie toutes les deux pour votre confiance et pour votre t\u00e9moignage qui me touche profond\u00e9ment. Le moyen du dessin met en lumi\u00e8re des parties de l&#8217;\u00eatre et de l&#8217;\u00e2me et je suis tr\u00e8s reconnaissance et j&#8217;ai une enti\u00e8re gratitude.<\/p><\/div><\/div><\/div>\n<\/div>\n<div class=\"glsr-review\" data-type=\"local\" id=\"review-1351\" data-assigned='[]'>\n    <div class=\"glsr-review-title\"><h4 class=\"glsr-tag-value\">Merveilleux<\/h4><\/div>\n    <div class=\"glsr-review-rating\"><div class=\"glsr-star-rating glsr-stars\" role=\"img\" aria-label=\"Rated 5 out of 5 stars\" data-rating=\"5\" data-reviews=\"0\"><span class=\"glsr-star glsr-star-full\" aria-hidden=\"true\"><\/span><span class=\"glsr-star glsr-star-full\" aria-hidden=\"true\"><\/span><span class=\"glsr-star glsr-star-full\" aria-hidden=\"true\"><\/span><span class=\"glsr-star glsr-star-full\" aria-hidden=\"true\"><\/span><span class=\"glsr-star glsr-star-full\" aria-hidden=\"true\"><\/span><\/div><\/div> <div class=\"glsr-review-date\"><span class=\"glsr-tag-value\">17 novembre 2025<\/span><\/div>\n    \n    <div class=\"glsr-review-content\"><div class=\"glsr-tag-value\" data-expanded=\"false\"><p>Nous avons appr\u00e9ci\u00e9 sa spontan\u00e9it\u00e9. Christelle met naturellement \u00e0 l\u2019aise.<\/p>\n<p>Souriante, avec une grande sensibilit\u00e9. On sent qu\u2019elle a \u00e0 c\u0153ur d\u2019aider.<\/p>\n<p>Ses visions sont claires, pr\u00e9cises, ses pr\u00e9dictions tr\u00e8s justes. Cette exp\u00e9rience nous a apport\u00e9 beaucoup de bien et nous nous sentons bien plus soulag\u00e9.<\/p>\n<p class=\"glsr-hidden-text\" data-show-less=\"Afficher moins\" data-show-more=\"Afficher plus\" data-trigger=\"expand\">Merci pour ce tr\u00e8s bon moment dont nous nous souvie<span class=\"glsr-hidden\">ndrons tr\u00e8s longtemps<\/span><\/p><\/div><\/div>\n     <div class=\"glsr-review-author\"><span class=\"glsr-tag-value\">Camille<\/span><\/div> \n    <div class=\"glsr-review-response\"><div class=\"glsr-tag-value\" data-expanded=\"false\"><div class=\"glsr-review-response-inner\"><p><strong>R\u00e9ponse de Christelle Ottaviano Artiste Peintre Internationale<\/strong><\/p><p>Un immense merci pour ton t\u00e9moignage, Camille. Il me conforte dans la voie que j\u2019emprunte, car j\u2019ai pleinement confiance et je continue de d\u00e9velopper mes capacit\u00e9s pour r\u00e9pondre au mieux aux personnes qui viennent me consulter. Je suis heureuse que cette connexion ait pu t\u2019apporter du r\u00e9confort et du soulagement.<\/p><\/div><\/div><\/div>\n<\/div>\n<div class=\"glsr-review\" data-type=\"local\" id=\"review-1262\" data-assigned='[]'>\n    <div class=\"glsr-review-title\"><h4 class=\"glsr-tag-value\">Il existe des \u00eatres qui per\u00e7oivent au-del\u00e0 du visible, qui savent traduire en formes et en mots la pr\u00e9sence discr\u00e8te de l\u2019invisible. Christelle Ottaviano fait partie de ces \u00e2mes rares.<\/h4><\/div>\n    <div class=\"glsr-review-rating\"><div class=\"glsr-star-rating glsr-stars\" role=\"img\" aria-label=\"Rated 5 out of 5 stars\" data-rating=\"5\" data-reviews=\"0\"><span class=\"glsr-star glsr-star-full\" aria-hidden=\"true\"><\/span><span class=\"glsr-star glsr-star-full\" aria-hidden=\"true\"><\/span><span class=\"glsr-star glsr-star-full\" aria-hidden=\"true\"><\/span><span class=\"glsr-star glsr-star-full\" aria-hidden=\"true\"><\/span><span class=\"glsr-star glsr-star-full\" aria-hidden=\"true\"><\/span><\/div><\/div> <div class=\"glsr-review-date\"><span class=\"glsr-tag-value\">24 octobre 2025<\/span><\/div>\n    \n    <div class=\"glsr-review-content\"><div class=\"glsr-tag-value\" data-expanded=\"false\"><p>\u2728 Christelle Ottaviano \u2014 M\u00e9dium & Artiste de l\u2019\u00c2me \u2728<\/p>\n<p>Il existe des \u00eatres qui per\u00e7oivent au-del\u00e0 du visible, qui savent traduire en formes et en mots la pr\u00e9sence discr\u00e8te de l\u2019invisible.<\/p>\n<p>Christelle Ottaviano fait partie de ces \u00e2mes rares.<\/p>\n<p class=\"glsr-hidden-text\" data-show-less=\"Afficher moins\" data-show-more=\"Afficher plus\" data-trigger=\"expand\">Dot\u00e9e d\u2019une m\u00e9diumnit\u00e9 fine, vibrante et profond\u00e9ment bienveillante, elle canalise les messages des d\u00e9funts et des guides \u00e0 trave<span class=\"glsr-hidden\">rs deux langages sacr\u00e9s : le dessin et l\u2019\u00e9criture automatique.<\/span><\/p>\n<p class=\"glsr-hidden\">Sous ses doigts, les visages \u00e9mergent avec douceur \u2014 des portraits d\u2019\u00e2mes o\u00f9 transpara\u00eet la lumi\u00e8re de ceux qui nous accompagnent depuis d\u2019autres plans.<\/p>\n<p class=\"glsr-hidden\">Chaque trait, chaque mot devient un pont entre les mondes, un \u00e9cho d\u2019amour et de v\u00e9rit\u00e9 adress\u00e9 au consultant.<\/p>\n<p class=\"glsr-hidden\">Lors d\u2019une s\u00e9ance avec Christelle, on ressent une pr\u00e9sence, une chaleur, une reconnaissance intime.<\/p>\n<p class=\"glsr-hidden\">Ce n\u2019est pas seulement un portrait : c\u2019est une rencontre d\u2019\u00e2me \u00e0 \u00e2me, un moment suspendu o\u00f9 le c\u0153ur se souvient de ce qu\u2019il savait d\u00e9j\u00e0.<\/p>\n<p class=\"glsr-hidden\">Les messages re\u00e7us ouvrent des portes de compr\u00e9hension, apaisent, r\u00e9concilient, et souvent\u2026 transforment.<\/p>\n<p class=\"glsr-hidden\">Ses portraits inspir\u00e9s, r\u00e9alis\u00e9s en quelques minutes, d\u00e9voilent des d\u00e9tails surprenants : pr\u00e9noms, lieux, \u00e9motions enfouies, fragments de m\u00e9moire\u2026 autant de signes qui prouvent que la vie se poursuit bien au-del\u00e0 du visible.<\/p>\n<p class=\"glsr-hidden\">Christelle ne cherche pas \u00e0 impressionner, mais \u00e0 relier \u2014 \u00e0 faire vibrer cette \u00e9vidence : l\u2019amour ne meurt jamais.<\/p>\n<p class=\"glsr-hidden\">\ud83c\udf3f Pour ceux qui cherchent \u00e0 comprendre un d\u00e9part, \u00e0 recevoir un signe, ou simplement \u00e0 renouer avec leur propre lumi\u00e8re int\u00e9rieure, l\u2019art m\u00e9diumnique de Christelle est un baume et une r\u00e9v\u00e9lation.<\/p><\/div><\/div>\n     <div class=\"glsr-review-author\"><span class=\"glsr-tag-value\">Marc Maraninchi<\/span><\/div> \n    <div class=\"glsr-review-response\"><div class=\"glsr-tag-value\" data-expanded=\"false\"><div class=\"glsr-review-response-inner\"><p><strong>R\u00e9ponse de Christelle Ottaviano Artiste Peintre Internationale<\/strong><\/p><p>Marc, je suis tr\u00e8s \u00e9mue et tr\u00e8s honor\u00e9e de ce t\u00e9moignage qui me va droit au c\u0153ur. Je crois pertinemment \u00e0 une vie apr\u00e8s la mort. J&#8217;en ai quotidiennement des preuves. Nous ne sommes jamais seul.es. Un grand MERCI du fond du c\u0153ur.<\/p><\/div><\/div><\/div>\n<\/div>\n<div class=\"glsr-review\" data-type=\"local\" id=\"review-1231\" data-assigned='[]'>\n    <div class=\"glsr-review-title\"><h4 class=\"glsr-tag-value\">magique<\/h4><\/div>\n    <div class=\"glsr-review-rating\"><div class=\"glsr-star-rating glsr-stars\" role=\"img\" aria-label=\"Rated 5 out of 5 stars\" data-rating=\"5\" data-reviews=\"0\"><span class=\"glsr-star glsr-star-full\" aria-hidden=\"true\"><\/span><span class=\"glsr-star glsr-star-full\" aria-hidden=\"true\"><\/span><span class=\"glsr-star glsr-star-full\" aria-hidden=\"true\"><\/span><span class=\"glsr-star glsr-star-full\" aria-hidden=\"true\"><\/span><span class=\"glsr-star glsr-star-full\" aria-hidden=\"true\"><\/span><\/div><\/div> <div class=\"glsr-review-date\"><span class=\"glsr-tag-value\">4 juin 2025<\/span><\/div>\n    \n    <div class=\"glsr-review-content\"><div class=\"glsr-tag-value\" data-expanded=\"false\"><p>tr\u00e8s belle personne d\u2019une grande sensibilit\u00e9 qui vous apporte de vrai r\u00e9ponse aucune malveillance<\/p>\n<p>Si vous cherchez quelqu\u2019un pour vous aidez c\u2019est elle !!<\/p>\n<p>Merci pour ce tr\u00e8s bon moment<\/p>\n<p>\u00c0 refaire tr\u00e8s vite !<\/p><\/div><\/div>\n     <div class=\"glsr-review-author\"><span class=\"glsr-tag-value\">chuzel marmot cyrille<\/span><\/div> \n    <div class=\"glsr-review-response\"><div class=\"glsr-tag-value\" data-expanded=\"false\"><div class=\"glsr-review-response-inner\"><p><strong>R\u00e9ponse de Christelle Ottaviano Artiste Peintre Internationale<\/strong><\/p><p>Je suis touch\u00e9e par ce message. Je suis toujours stup\u00e9faite de leurs pr\u00e9cisions dans le ressenti et dans les descriptions. Un grand MERCI Cyrille et aussi aux \u00eatres de l&#8217;autre c\u00f4t\u00e9 du voile !<\/p><\/div><\/div><\/div>\n<\/div>\n<div class=\"glsr-review\" data-type=\"local\" id=\"review-1227\" data-assigned='[]'>\n    <div class=\"glsr-review-title\"><h4 class=\"glsr-tag-value\">Un espace sacr\u00e9 hors du temps<\/h4><\/div>\n    <div class=\"glsr-review-rating\"><div class=\"glsr-star-rating glsr-stars\" role=\"img\" aria-label=\"Rated 5 out of 5 stars\" data-rating=\"5\" data-reviews=\"0\"><span class=\"glsr-star glsr-star-full\" aria-hidden=\"true\"><\/span><span class=\"glsr-star glsr-star-full\" aria-hidden=\"true\"><\/span><span class=\"glsr-star glsr-star-full\" aria-hidden=\"true\"><\/span><span class=\"glsr-star glsr-star-full\" aria-hidden=\"true\"><\/span><span class=\"glsr-star glsr-star-full\" aria-hidden=\"true\"><\/span><\/div><\/div> <div class=\"glsr-review-date\"><span class=\"glsr-tag-value\">28 mai 2025<\/span><\/div>\n    \n    <div class=\"glsr-review-content\"><div class=\"glsr-tag-value\" data-expanded=\"false\"><p>Merci pour ce moment si doux, si grand\u2026<\/p>\n<p>Un espace sacr\u00e9, hors du temps,<\/p>\n<p>o\u00f9 l\u2019amour circule autrement,<\/p>\n<p>o\u00f9 l\u2019\u00e2me peut se d\u00e9poser, se dire, se rappeler.<\/p>\n<p>Dans la d\u00e9licatesse de ton canal,<\/p>\n<p>quelque chose s\u2019est ouvert\u2026<\/p>\n<p>Un souffle nouveau, un \u00e9clairage profond,<\/p>\n<p>une paix subtile venue me toucher l\u00e0 o\u00f9 les mots d\u2019ici ne vont pas.<\/p>\n<p class=\"glsr-hidden-text\" data-show-less=\"Afficher moins\" data-show-more=\"Afficher plus\" data-trigger=\"expand\">Ce q<span class=\"glsr-hidden\">ue tu offres, c\u2019est bien plus qu\u2019une connexion : c\u2019est une r\u00e9conciliation invisible,<\/span><\/p>\n<p class=\"glsr-hidden\">avec l\u2019autre, avec soi, avec la vie.<\/p>\n<p class=\"glsr-hidden\">Une compr\u00e9hension intime qui \u00e9claire le pr\u00e9sent, et murmure doucement : avance\u2026 tu peux.<\/p>\n<p class=\"glsr-hidden\">\u00c0 celles et ceux qui ressentent l\u2019appel au creux du c\u0153ur : \u00e9coutez.<\/p>\n<p class=\"glsr-hidden\">Ces instants d\u2019entre-mondes nous relient \u00e0 l\u2019essentiel, nous aident \u00e0 comprendre et \u00e0 nous comprendre, \u00e0 conna\u00eetre et \u00e0 nous reconna\u00eetre.<\/p>\n<p class=\"glsr-hidden\">Et parfois, c\u2019est de l\u00e0 que na\u00eet le v\u00e9ritable \u00e9lan de se r\u00e9aliser, en v\u00e9rit\u00e9, en confiance, en amour.<\/p>\n<p class=\"glsr-hidden\">Merci pour cette lumi\u00e8re pos\u00e9e sur le chemin, et pour ta fa\u00e7on unique de servir l\u2019invisible avec foi, humilit\u00e9&#8230;et tant de douceur.<\/p><\/div><\/div>\n     <div class=\"glsr-review-author\"><span class=\"glsr-tag-value\">Isabelle<\/span><\/div> \n    <div class=\"glsr-review-response\"><div class=\"glsr-tag-value\" data-expanded=\"false\"><div class=\"glsr-review-response-inner\"><p><strong>R\u00e9ponse de Christelle Ottaviano Artiste Peintre Internationale<\/strong><\/p><p class=\"glsr-hidden-text\" data-show-less=\"Afficher moins\" data-show-more=\"Afficher plus\" data-trigger=\"expand\">Je te remercie infiniment pour ton message tr\u00e8s \u00e9mouvant et pour ta confiance. C&#8217;est un acte sacr\u00e9 de co-cr\u00e9ation entre le consultant, le pratiquant et l&#8217;\u00eatre de l&#8217;autre c\u00f4t\u00e9 du voile. Cette trinit\u00e9 \u00e9nerg\u00e9tique cr\u00e9e un espace o\u00f9 les fronti\u00e8res entre le visible et l&#8217;invisible s<span class=\"glsr-hidden\">&#8217;estompent, et o\u00f9 l&#8217;information devient vibration, puis r\u00e9v\u00e9lation. Telle une alliance r\u00e9v\u00e9l\u00e9e.<\/span><\/p><\/div><\/div><\/div>\n<\/div>\n<div class=\"glsr-review\" data-type=\"local\" id=\"review-1204\" data-assigned='[]'>\n    <div class=\"glsr-review-title\"><h4 class=\"glsr-tag-value\">Magique<\/h4><\/div>\n    <div class=\"glsr-review-rating\"><div class=\"glsr-star-rating glsr-stars\" role=\"img\" aria-label=\"Rated 5 out of 5 stars\" data-rating=\"5\" data-reviews=\"0\"><span class=\"glsr-star glsr-star-full\" aria-hidden=\"true\"><\/span><span class=\"glsr-star glsr-star-full\" aria-hidden=\"true\"><\/span><span class=\"glsr-star glsr-star-full\" aria-hidden=\"true\"><\/span><span class=\"glsr-star glsr-star-full\" aria-hidden=\"true\"><\/span><span class=\"glsr-star glsr-star-full\" aria-hidden=\"true\"><\/span><\/div><\/div> <div class=\"glsr-review-date\"><span class=\"glsr-tag-value\">1 d\u00e9cembre 2024<\/span><\/div>\n    \n    <div class=\"glsr-review-content\"><div class=\"glsr-tag-value\" data-expanded=\"false\"><p>Ravi de cette rencontre et de cette d\u00e9couverte.<\/p>\n<p>Toute cette \u0153uvre est empreinte de d\u00e9licatesse et de capture de vie.<\/p>\n<p>Un floril\u00e8ge de beau et de passion pos\u00e9 sur la toile.<\/p>\n<p>Bravo et merci pour ce regard sur le monde<\/p><\/div><\/div>\n     <div class=\"glsr-review-author\"><span class=\"glsr-tag-value\">Pascal<\/span><\/div> \n    <div class=\"glsr-review-response\"><div class=\"glsr-tag-value\" data-expanded=\"false\"><div class=\"glsr-review-response-inner\"><p><strong>R\u00e9ponse de Christelle Ottaviano Artiste Peintre Internationale<\/strong><\/p><p>Milles mercis pour cet avis qui me va droit au coeur ! Je suis ravie de voir que le message que je souhaite faire passer \u00e0 travers mon art est perceptible et ressenti.<\/p><\/div><\/div><\/div>\n<\/div>\n    <\/div>\n    \n<\/div><\/div>\n","protected":false},"excerpt":{"rendered":"<p>Si vous souhaitez laisser un avis, rendez-vous sur cette page.<\/p>\n","protected":false},"author":1,"featured_media":431,"parent":0,"menu_order":0,"comment_status":"closed","ping_status":"closed","template":"","meta":{"_glsr_average":0,"_glsr_ranking":0,"_glsr_reviews":0,"footnotes":""},"class_list":["post-1208","page","type-page","status-publish","has-post-thumbnail","hentry"],"_links":{"self":[{"href":"https:\/\/art.christelleottaviano.fr\/index.php\/wp-json\/wp\/v2\/pages\/1208","targetHints":{"allow":["GET"]}}],"collection":[{"href":"https:\/\/art.christelleottaviano.fr\/index.php\/wp-json\/wp\/v2\/pages"}],"about":[{"href":"https:\/\/art.christelleottaviano.fr\/index.php\/wp-json\/wp\/v2\/types\/page"}],"author":[{"embeddable":true,"href":"https:\/\/art.christelleottaviano.fr\/index.php\/wp-json\/wp\/v2\/users\/1"}],"replies":[{"embeddable":true,"href":"https:\/\/art.christelleottaviano.fr\/index.php\/wp-json\/wp\/v2\/comments?post=1208"}],"version-history":[{"count":4,"href":"https:\/\/art.christelleottaviano.fr\/index.php\/wp-json\/wp\/v2\/pages\/1208\/revisions"}],"predecessor-version":[{"id":1466,"href":"https:\/\/art.christelleottaviano.fr\/index.php\/wp-json\/wp\/v2\/pages\/1208\/revisions\/1466"}],"wp:featuredmedia":[{"embeddable":true,"href":"https:\/\/art.christelleottaviano.fr\/index.php\/wp-json\/wp\/v2\/media\/431"}],"wp:attachment":[{"href":"https:\/\/art.christelleottaviano.fr\/index.php\/wp-json\/wp\/v2\/media?parent=1208"}],"curies":[{"name":"wp","href":"https:\/\/api.w.org\/{rel}","templated":true}]}}